{"id":1614,"date":"2020-01-23T15:47:11","date_gmt":"2020-01-23T15:47:11","guid":{"rendered":"https:\/\/www.unilion.eu\/?page_id=1614"},"modified":"2024-05-23T17:10:55","modified_gmt":"2024-05-23T15:10:55","slug":"eotvos-lorand-university","status":"publish","type":"page","link":"https:\/\/www.unilion.eu\/?page_id=1614","title":{"rendered":"E\u00f6tv\u00f6s Lor\u00e1nd University &#8211; Corvinus University of Budapest"},"content":{"rendered":"<p><img loading=\"lazy\" decoding=\"async\" class=\"alignnone wp-image-3591 size-full\" src=\"https:\/\/www.unilion.eu\/wp-content\/uploads\/2024\/05\/budapest.jpg\" alt=\"\" width=\"1440\" height=\"480\" srcset=\"https:\/\/www.unilion.eu\/wp-content\/uploads\/2024\/05\/budapest.jpg 1440w, https:\/\/www.unilion.eu\/wp-content\/uploads\/2024\/05\/budapest-300x100.jpg 300w, https:\/\/www.unilion.eu\/wp-content\/uploads\/2024\/05\/budapest-1024x341.jpg 1024w, https:\/\/www.unilion.eu\/wp-content\/uploads\/2024\/05\/budapest-768x256.jpg 768w, https:\/\/www.unilion.eu\/wp-content\/uploads\/2024\/05\/budapest-1140x380.jpg 1140w\" sizes=\"auto, (max-width: 1440px) 100vw, 1440px\" \/><\/p>\n<p>The <strong>ELTE-Corvinus <\/strong>Brussels office represents two of Budapest&#8217;s major and most prestigious universities: E\u00f6tv\u00f6s Lor\u00e1nd University and Corvinus University of Budapest. ELTE, renowned for its comprehensive academic and research excellence across diverse disciplines, and Corvinus, distinguished as the leading institution for economics, business, and social sciences in Hungary, embody the pinnacle of Hungarian higher education with long-standing histories. This collaborative presence in Brussels amplifies their influence and engagement within the European educational and research landscape.<\/p>\n<p><strong><img loading=\"lazy\" decoding=\"async\" class=\" wp-image-1611 alignleft\" src=\"https:\/\/www.unilion.eu\/wp-content\/uploads\/2020\/01\/ELTE_L\u00e1gym\u00e1nyosi_Campus-300x199.jpg\" alt=\"\" width=\"372\" height=\"247\" srcset=\"https:\/\/www.unilion.eu\/wp-content\/uploads\/2020\/01\/ELTE_L\u00e1gym\u00e1nyosi_Campus-300x199.jpg 300w, https:\/\/www.unilion.eu\/wp-content\/uploads\/2020\/01\/ELTE_L\u00e1gym\u00e1nyosi_Campus-1024x681.jpg 1024w, https:\/\/www.unilion.eu\/wp-content\/uploads\/2020\/01\/ELTE_L\u00e1gym\u00e1nyosi_Campus-768x511.jpg 768w, https:\/\/www.unilion.eu\/wp-content\/uploads\/2020\/01\/ELTE_L\u00e1gym\u00e1nyosi_Campus-406x270.jpg 406w, https:\/\/www.unilion.eu\/wp-content\/uploads\/2020\/01\/ELTE_L\u00e1gym\u00e1nyosi_Campus-272x182.jpg 272w, https:\/\/www.unilion.eu\/wp-content\/uploads\/2020\/01\/ELTE_L\u00e1gym\u00e1nyosi_Campus.jpg 1280w\" sizes=\"auto, (max-width: 372px) 100vw, 372px\" \/>E\u00f6tv\u00f6s Lor\u00e1nd University (ELTE)<\/strong> was founded in 1635. It is the largest and the most popular higher education institution in Hungary. As the leading research university in the country, the name of ELTE means knowledge, opportunities, competition, openness and community. It has always considered high-quality research the guarantee of quality in general.<\/p>\n<p>Research activities at the eight faculties are exceptionally diverse, covering nearly all scientific fields including natural and life sciences, informatics, humanities, educational sciences, law and social sciences. ELTE not only offers first-class education to the international community, but it is also a place where excellent research is undertaken. Research at ELTE is characterised by international collaborations, interdisciplinary approaches, modern laboratory infrastructure, and innovation. Our researchers run cutting-edge projects funded by the European Union and national institutions. Along with international partners, our research groups also establish strong connections with the industry.<\/p>\n<p>In the past years it has been a central purpose of the university to maintain and promote the diversity of the research portfolio, while it has become increasingly common that our scholars focus their work on specific subjects relating to international trends and current social challenges. The quality and quantity of research is well reflected in the programs of the doctoral schools, covering a broad spectrum of the sciences. The number of highly qualified supervisors in the doctoral schools is also outstanding.<\/p>\n<p>In 2017 EIT Digital Budapest has become a full Node of EIT Digital European Knowledge Community and ELTE is a key partner in this consortium.\u00a0 ELTE is the pan-European coordinator of the Security and Privacy programme. Since 2019 ELTE participates in the European Universities Initiative as a member of the alliance <a href=\"https:\/\/charm-eu.eu\/en\">CHARM-EU<\/a>.<\/p>\n<p><strong><img loading=\"lazy\" decoding=\"async\" class=\" wp-image-3571 alignleft\" src=\"https:\/\/www.unilion.eu\/wp-content\/uploads\/2024\/05\/viragos-007-1920x1280-1-300x200.jpg\" alt=\"\" width=\"380\" height=\"253\" srcset=\"https:\/\/www.unilion.eu\/wp-content\/uploads\/2024\/05\/viragos-007-1920x1280-1-300x200.jpg 300w, https:\/\/www.unilion.eu\/wp-content\/uploads\/2024\/05\/viragos-007-1920x1280-1-1024x683.jpg 1024w, https:\/\/www.unilion.eu\/wp-content\/uploads\/2024\/05\/viragos-007-1920x1280-1-768x512.jpg 768w, https:\/\/www.unilion.eu\/wp-content\/uploads\/2024\/05\/viragos-007-1920x1280-1-1536x1024.jpg 1536w, https:\/\/www.unilion.eu\/wp-content\/uploads\/2024\/05\/viragos-007-1920x1280-1-1140x760.jpg 1140w, https:\/\/www.unilion.eu\/wp-content\/uploads\/2024\/05\/viragos-007-1920x1280-1-272x182.jpg 272w, https:\/\/www.unilion.eu\/wp-content\/uploads\/2024\/05\/viragos-007-1920x1280-1.jpg 1920w\" sizes=\"auto, (max-width: 380px) 100vw, 380px\" \/>Corvinus University of Budapest<\/strong> (Corvinus) is established in 1948, it has evolved into one of the leading universities in the fields of economics, business, and social sciences, offering a wide range of undergraduate, graduate, and doctoral programs. Corvinus is distinguished by its commitment to high academic standards, innovative research, and international collaboration. Its strong connections with the business community and emphasis on practical, real-world applications of knowledge make Corvinus a pivotal actor in shaping the future of Hungarian and global economics and business education.\u00a0Moreover, it is more than that: a community that is good and worthwhile to belong to.<\/p>\n<p><span data-contrast=\"auto\">The core research and teaching activities have been traditionally performed in the areas of Business Management, Economics, Social Sciences and International Relations, while new specialisations are developing dynamically focusing on current issues, such as Sustainable Development, Data Science and Business Informatics.<\/span><span data-ccp-props=\"{}\">\u00a0<\/span><\/p>\n<p>The academic work is carried out by 4 accredited doctoral schools and 11 Institutes:\u00a0<span data-contrast=\"auto\">Institute of Data Analytics and Information Systems, <\/span><span data-contrast=\"auto\">Institute of Operations and Decision Sciences, <\/span><span data-contrast=\"auto\">Institute of Sustainable Development, <\/span><span data-contrast=\"auto\">Institute of Economics, <\/span><span data-contrast=\"auto\">Institute of Marketing and Communication Sciences, <\/span><span data-contrast=\"auto\">Institute of Global Studies, <\/span><span data-contrast=\"auto\">Institute of Finance, I<\/span><span data-contrast=\"auto\">nstitute of Strategy and Management, <\/span><span data-contrast=\"auto\">Institute of Accounting and Law, <\/span><span data-contrast=\"auto\">Institute of Social and Political Sciences, <\/span><span data-contrast=\"auto\">Institute of Entrepreneurship and Innovation,\u00a0<\/span><span data-contrast=\"auto\">Doctoral School of Business and Management,\u00a0<\/span><span data-contrast=\"auto\">Doctoral School of Economics, Business and Informatics,\u00a0<\/span><span data-contrast=\"auto\">Doctoral School of International Relations and Political Science,\u00a0<\/span><span data-contrast=\"auto\">Doctoral School of Sociology and Communication Science.\u00a0<\/span><\/p>\n<p><span data-contrast=\"none\">According to the Financial Times, Corvinus Business Programs are European TOP100 listed, while Eduniversal ranks our business programs as the best in Eastern Europe. In 2022 Corvinus has been awarded as the <\/span><b><span data-contrast=\"none\">most sustainably improved university in the world<\/span><\/b><span data-contrast=\"none\"> by UI GreenMetric World Top Ranking.<\/span><span data-contrast=\"auto\">\u00a0<\/span><span data-ccp-props=\"{&quot;201341983&quot;:0,&quot;335551550&quot;:6,&quot;335551620&quot;:6,&quot;335559685&quot;:0,&quot;335559738&quot;:60,&quot;335559739&quot;:60,&quot;335559740&quot;:240}\">\u00a0<\/span><\/p>\n<p><span data-contrast=\"auto\">Corvinus is located in the heart of Budapest. <\/span><span data-contrast=\"none\">Our activities are deeply rooted in the academic community of the Central-European region, while we also take part in several research programmes with many other universities from all around the world, from Central and Eastern Asia to Canada, USA. We have cooperation agreements with more than 300 <\/span><span data-contrast=\"auto\">academic institutions on 5 continents.\u00a0<\/span><span data-ccp-props=\"{&quot;201341983&quot;:0,&quot;335551550&quot;:6,&quot;335551620&quot;:6,&quot;335559739&quot;:0,&quot;335559740&quot;:240}\">\u00a0<\/span><\/p>\n<p><span data-ccp-props=\"{&quot;201341983&quot;:0,&quot;335551550&quot;:6,&quot;335551620&quot;:6,&quot;335559739&quot;:0,&quot;335559740&quot;:240}\">\u00a0Ongoing projects: <\/span><span data-contrast=\"none\">\u00a0<\/span><a href=\"https:\/\/www.trade4sd.eu\/\"><span data-contrast=\"none\">TRADE4SD<\/span><\/a><span data-contrast=\"none\">, <\/span><a href=\"https:\/\/cordis.europa.eu\/project\/id\/101030185\"><span data-contrast=\"none\">FOODIZATION<\/span><\/a><span data-contrast=\"none\">, <\/span><a href=\"https:\/\/mediatized.eu\/\"><span data-contrast=\"none\">MEDIATIZED-EU<\/span><\/a><span data-contrast=\"none\">, <\/span><a href=\"https:\/\/populism-europe.com\/poprebel\/\"><span data-contrast=\"none\">POPREBEL<\/span><\/a><span data-contrast=\"none\">, <\/span><a href=\"http:\/\/amassprojekt.hu\/\"><span data-contrast=\"none\">AMASS<\/span><\/a><span data-contrast=\"none\">, <\/span><a href=\"https:\/\/sapiensnetwork.eu\/\"><span data-contrast=\"none\">SAPIENS<\/span><\/a><span data-contrast=\"none\">, <\/span><a href=\"https:\/\/robust-crisis-governance.eu\/\"><span data-contrast=\"none\">ROBUST<\/span><\/a><span data-contrast=\"none\">, <\/span><a href=\"https:\/\/neworldata.org\/\"><span data-contrast=\"none\">NEWORLDATA<\/span><\/a><span data-contrast=\"none\">, <\/span><a href=\"https:\/\/cordis.europa.eu\/project\/id\/101086712\"><span data-contrast=\"none\">LEARNDATA<\/span><\/a><span data-contrast=\"none\">, <\/span><a href=\"https:\/\/www.accelerateentrepreneurs.com\/\"><span data-contrast=\"none\">EIT-ACCELERATE-EEE\u202f<\/span><\/a><span data-ccp-props=\"{&quot;201341983&quot;:0,&quot;335551550&quot;:6,&quot;335551620&quot;:6,&quot;335559685&quot;:426,&quot;335559738&quot;:60,&quot;335559739&quot;:60,&quot;335559740&quot;:240,&quot;335559991&quot;:284}\">\u00a0<\/span><\/p>\n<p><span data-ccp-props=\"{&quot;201341983&quot;:0,&quot;335551550&quot;:6,&quot;335551620&quot;:6,&quot;335559739&quot;:0,&quot;335559740&quot;:240}\">\u00a0<\/span><strong>Services of the Brussels office<\/strong><\/p>\n<ul>\n<li>Participation in events, meetings and activities in Brussels and providing information to researchers<\/li>\n<li>Development of partnerships and collaborations<\/li>\n<li>Monitoring trends of EU research, development and innovation policy<\/li>\n<li>Dissemination of ELTE\u2019s main research activities and results<\/li>\n<li>Recommendation of successful examples and good practices in the EU as an inspiration and motivation<\/li>\n<\/ul>\n","protected":false},"excerpt":{"rendered":"<p>The ELTE-Corvinus Brussels office represents two of Budapest&#8217;s major and most prestigious universities: E\u00f6tv\u00f6s Lor\u00e1nd University and Corvinus University of Budapest. ELTE, renowned for its comprehensive academic and research excellence<span class=\"more-dots\">&#8230;<\/span><\/p>\n","protected":false},"author":12,"featured_media":3591,"parent":1544,"menu_order":0,"comment_status":"closed","ping_status":"closed","template":"page-templates\/sidebar-right.php","meta":{"_acf_changed":false,"footnotes":""},"class_list":["post-1614","page","type-page","status-publish","has-post-thumbnail","hentry"],"acf":[],"_links":{"self":[{"href":"https:\/\/www.unilion.eu\/index.php?rest_route=\/wp\/v2\/pages\/1614","targetHints":{"allow":["GET"]}}],"collection":[{"href":"https:\/\/www.unilion.eu\/index.php?rest_route=\/wp\/v2\/pages"}],"about":[{"href":"https:\/\/www.unilion.eu\/index.php?rest_route=\/wp\/v2\/types\/page"}],"author":[{"embeddable":true,"href":"https:\/\/www.unilion.eu\/index.php?rest_route=\/wp\/v2\/users\/12"}],"replies":[{"embeddable":true,"href":"https:\/\/www.unilion.eu\/index.php?rest_route=%2Fwp%2Fv2%2Fcomments&post=1614"}],"version-history":[{"count":5,"href":"https:\/\/www.unilion.eu\/index.php?rest_route=\/wp\/v2\/pages\/1614\/revisions"}],"predecessor-version":[{"id":3592,"href":"https:\/\/www.unilion.eu\/index.php?rest_route=\/wp\/v2\/pages\/1614\/revisions\/3592"}],"up":[{"embeddable":true,"href":"https:\/\/www.unilion.eu\/index.php?rest_route=\/wp\/v2\/pages\/1544"}],"wp:featuredmedia":[{"embeddable":true,"href":"https:\/\/www.unilion.eu\/index.php?rest_route=\/wp\/v2\/media\/3591"}],"wp:attachment":[{"href":"https:\/\/www.unilion.eu\/index.php?rest_route=%2Fwp%2Fv2%2Fmedia&parent=1614"}],"curies":[{"name":"wp","href":"https:\/\/api.w.org\/{rel}","templated":true}]}}