{"id":1742,"date":"2020-02-18T16:51:51","date_gmt":"2020-02-18T16:51:51","guid":{"rendered":"https:\/\/www.unilion.eu\/?page_id=1742"},"modified":"2025-11-26T17:35:31","modified_gmt":"2025-11-26T16:35:31","slug":"ecole-polytechnique","status":"publish","type":"page","link":"https:\/\/www.unilion.eu\/?page_id=1742","title":{"rendered":"Institut Polytechnique de Paris (IP Paris)"},"content":{"rendered":"<p><strong>Institut Polytechnique de Paris (IP Paris)<\/strong> is a world-class Institute of Science and Technology founded in 2019. It brings together six prestigious French engineering schools: \u00c9cole Polytechnique, ENSTA Paris, \u00c9cole nationale des ponts et chauss\u00e9es, ENSAE Paris, T\u00e9l\u00e9com Paris and T\u00e9l\u00e9com SudParis.<\/p>\n<p>Under the aegis of the Institute, they bring together two centuries of expertise to offer a wide variety of high-level education programmes, conduct cutting-edge research to address global challenges, and encourage innovation and entrepreneurship. Its founding institutions have driven major industrial and technological breakthroughs over the last two centuries. Their alumni include Nobel prize winners and prominent figures in the worlds of politics, business and research.<\/p>\n<p><strong>FACTS AND FIGURES<\/strong><\/p>\n<p>\u00b7 11,200 students, 1,500 PhD students<\/p>\n<p>\u00b7 2,300 academic and research staff members, 5,100 publications per year<\/p>\n<p>\u00b7 7 interdisciplinary centres addressing global challenges, 45 laboratories<\/p>\n<p>\u00b7 5 incubators, with over 120 start-ups supported each year<\/p>\n<p>\u00b7 Ranked 2nd in France and 41st worldwide in the QS WUR 2026 Ranking<\/p>\n<p>\u00b7 43% international students, 41% international academic and research staff<\/p>\n<p>\u00b7 10 doctoral disciplines, 15 Master\u2019s programmes<\/p>\n<p><strong>RESEARCH AREAS<\/strong><\/p>\n<p>\u00b7 Environment &amp; climate<\/p>\n<p>\u00b7 Energy<\/p>\n<p>\u00b7 Artificial Intelligence and Data science<\/p>\n<p>\u00b7 Networks and the Internet of Things<\/p>\n<p>\u00b7 Mathematics and digital simulation<\/p>\n<p>\u00b7 Cybersecurity<\/p>\n<p>\u00b7 Defense<\/p>\n<p>\u00b7 Geopolitics and strategy<\/p>\n<p>\u00b7 Quantum Technologies<\/p>\n<p>\u00b7 Innovative materials and nanotechnologies<\/p>\n<p>\u00b7 Plasmas and their applications<\/p>\n<p>\u00b7 Biomedical engineering<\/p>\n<p><img loading=\"lazy\" decoding=\"async\" class=\"wp-image-3464 size-full\" src=\"https:\/\/www.unilion.eu\/wp-content\/uploads\/2024\/04\/Image-Campus.jpg\" alt=\"\" width=\"2250\" height=\"900\" srcset=\"https:\/\/www.unilion.eu\/wp-content\/uploads\/2024\/04\/Image-Campus.jpg 2250w, https:\/\/www.unilion.eu\/wp-content\/uploads\/2024\/04\/Image-Campus-300x120.jpg 300w, https:\/\/www.unilion.eu\/wp-content\/uploads\/2024\/04\/Image-Campus-1024x410.jpg 1024w, https:\/\/www.unilion.eu\/wp-content\/uploads\/2024\/04\/Image-Campus-768x307.jpg 768w, https:\/\/www.unilion.eu\/wp-content\/uploads\/2024\/04\/Image-Campus-1536x614.jpg 1536w, https:\/\/www.unilion.eu\/wp-content\/uploads\/2024\/04\/Image-Campus-2048x819.jpg 2048w, https:\/\/www.unilion.eu\/wp-content\/uploads\/2024\/04\/Image-Campus-1140x456.jpg 1140w\" sizes=\"auto, (max-width: 2250px) 100vw, 2250px\" \/><\/p>\n","protected":false},"excerpt":{"rendered":"<p>Institut Polytechnique de Paris (IP Paris) is a world-class Institute of Science and Technology founded in 2019. It brings together six prestigious French engineering schools: \u00c9cole Polytechnique, ENSTA Paris, \u00c9cole<span class=\"more-dots\">&#8230;<\/span><\/p>\n","protected":false},"author":12,"featured_media":3464,"parent":162,"menu_order":0,"comment_status":"closed","ping_status":"closed","template":"page-templates\/sidebar-right.php","meta":{"_acf_changed":false,"footnotes":""},"class_list":["post-1742","page","type-page","status-publish","has-post-thumbnail","hentry"],"acf":[],"_links":{"self":[{"href":"https:\/\/www.unilion.eu\/index.php?rest_route=\/wp\/v2\/pages\/1742","targetHints":{"allow":["GET"]}}],"collection":[{"href":"https:\/\/www.unilion.eu\/index.php?rest_route=\/wp\/v2\/pages"}],"about":[{"href":"https:\/\/www.unilion.eu\/index.php?rest_route=\/wp\/v2\/types\/page"}],"author":[{"embeddable":true,"href":"https:\/\/www.unilion.eu\/index.php?rest_route=\/wp\/v2\/users\/12"}],"replies":[{"embeddable":true,"href":"https:\/\/www.unilion.eu\/index.php?rest_route=%2Fwp%2Fv2%2Fcomments&post=1742"}],"version-history":[{"count":5,"href":"https:\/\/www.unilion.eu\/index.php?rest_route=\/wp\/v2\/pages\/1742\/revisions"}],"predecessor-version":[{"id":4250,"href":"https:\/\/www.unilion.eu\/index.php?rest_route=\/wp\/v2\/pages\/1742\/revisions\/4250"}],"up":[{"embeddable":true,"href":"https:\/\/www.unilion.eu\/index.php?rest_route=\/wp\/v2\/pages\/162"}],"wp:featuredmedia":[{"embeddable":true,"href":"https:\/\/www.unilion.eu\/index.php?rest_route=\/wp\/v2\/media\/3464"}],"wp:attachment":[{"href":"https:\/\/www.unilion.eu\/index.php?rest_route=%2Fwp%2Fv2%2Fmedia&parent=1742"}],"curies":[{"name":"wp","href":"https:\/\/api.w.org\/{rel}","templated":true}]}}