{"id":3024,"date":"2023-06-06T12:39:54","date_gmt":"2023-06-06T10:39:54","guid":{"rendered":"https:\/\/www.unilion.eu\/?page_id=3024"},"modified":"2025-05-19T16:29:37","modified_gmt":"2025-05-19T14:29:37","slug":"epfl","status":"publish","type":"page","link":"https:\/\/www.unilion.eu\/?page_id=3024","title":{"rendered":"EPFL \u2013 \u00c9cole Polytechnique F\u00e9d\u00e9rale de Lausanne"},"content":{"rendered":"\n<figure class=\"wp-block-image alignleft size-full\"><img loading=\"lazy\" decoding=\"async\" width=\"300\" height=\"168\" src=\"https:\/\/www.unilion.eu\/wp-content\/uploads\/2023\/06\/images.jpg\" alt=\"\" class=\"wp-image-3026\"\/><\/figure>\n\n\n\n<p><strong>EPFL &#8211; \u00c9cole Polytechnique F\u00e9d\u00e9rale de Lausanne<\/strong> based in Lausanne, Switzerland, is one of the world\u2019s most dynamic and cosmopolitan engineering universities. It encompasses five schools, two colleges, 17 research institutes and 524 labs and research groups, bringing together students, faculty and staff from over 120 different countries. Every day, over 17,000 people come to our main campus in Lausanne, on the shores of Lake Geneva, to work, study or conduct research.<\/p>\n\n\n\n<p>Our faculty is made up of some 370 professors who teach and perform research. The percentage of women reached more than 31% in 2022, with the result that the number of women in our faculty members went from 20% in 2021 to over 23% in 2022.<\/p>\n\n\n\n<p>Our researchers often apply for international grants, including from the EU, to finance their work. As of end-2022 they had received 174 ERC grants from the European Commission.<\/p>\n\n\n\n<figure class=\"wp-block-image alignright\"><img loading=\"lazy\" decoding=\"async\" width=\"300\" height=\"169\" src=\"https:\/\/www.unilion.eu\/wp-content\/uploads\/2023\/06\/EPFL-vue-aerienne-1920x1080-1-300x169.jpg\" alt=\"\" class=\"wp-image-3025\" srcset=\"https:\/\/www.unilion.eu\/wp-content\/uploads\/2023\/06\/EPFL-vue-aerienne-1920x1080-1-300x169.jpg 300w, https:\/\/www.unilion.eu\/wp-content\/uploads\/2023\/06\/EPFL-vue-aerienne-1920x1080-1-1024x576.jpg 1024w, https:\/\/www.unilion.eu\/wp-content\/uploads\/2023\/06\/EPFL-vue-aerienne-1920x1080-1-768x432.jpg 768w, https:\/\/www.unilion.eu\/wp-content\/uploads\/2023\/06\/EPFL-vue-aerienne-1920x1080-1-1536x864.jpg 1536w, https:\/\/www.unilion.eu\/wp-content\/uploads\/2023\/06\/EPFL-vue-aerienne-1920x1080-1-480x270.jpg 480w, https:\/\/www.unilion.eu\/wp-content\/uploads\/2023\/06\/EPFL-vue-aerienne-1920x1080-1.jpg 1920w\" sizes=\"auto, (max-width: 300px) 100vw, 300px\" \/><\/figure>\n\n\n\n<p>Fifteen of our researchers are among the 1% most cited in their fields worldwide, and our faculty members publish an average of 13 articles a year. We also stand out in the area of technology transfer. Nearly 100 priority patents are filed under the EPFL name every year, and one EPFL spin-off is created every two weeks on the basis of technologies developed at our university.<\/p>\n\n\n\n<p>EPFL collaborates with an important network of partners, including other universities and colleges, secondary schools and gymnasiums, industry and the economy, political circles, and the general public, with the aim of having a real impact on society. It is a member of the EuroTech Universities Alliance \u2013 a strategic partnership of leading European universities of science and technology joining forces to build a strong, sustainable, sovereign, and resilient Europe. The EuroTech Brussels Office hosts EPFL\u2019s EU Liaison Officer in Brussels.<\/p>\n\n\n\n<p>The EU Liaison Officer\u2019s role is to establish closer connection between EPFL and the EU ecosystem in Brussels, initiate new projects and collaborations with European universities, and help them to get in touch with EPFL researchers relevant for their collaborative research and\/or educational projects.<\/p>\n","protected":false},"excerpt":{"rendered":"<p>EPFL &#8211; \u00c9cole Polytechnique F\u00e9d\u00e9rale de Lausanne based in Lausanne, Switzerland, is one of the world\u2019s most dynamic and cosmopolitan engineering universities. It encompasses five schools, two colleges, 17 research<span class=\"more-dots\">&#8230;<\/span><\/p>\n","protected":false},"author":12,"featured_media":3026,"parent":3031,"menu_order":0,"comment_status":"closed","ping_status":"closed","template":"page-templates\/sidebar-right.php","meta":{"_acf_changed":false,"footnotes":""},"class_list":["post-3024","page","type-page","status-publish","has-post-thumbnail","hentry"],"acf":[],"_links":{"self":[{"href":"https:\/\/www.unilion.eu\/index.php?rest_route=\/wp\/v2\/pages\/3024","targetHints":{"allow":["GET"]}}],"collection":[{"href":"https:\/\/www.unilion.eu\/index.php?rest_route=\/wp\/v2\/pages"}],"about":[{"href":"https:\/\/www.unilion.eu\/index.php?rest_route=\/wp\/v2\/types\/page"}],"author":[{"embeddable":true,"href":"https:\/\/www.unilion.eu\/index.php?rest_route=\/wp\/v2\/users\/12"}],"replies":[{"embeddable":true,"href":"https:\/\/www.unilion.eu\/index.php?rest_route=%2Fwp%2Fv2%2Fcomments&post=3024"}],"version-history":[{"count":7,"href":"https:\/\/www.unilion.eu\/index.php?rest_route=\/wp\/v2\/pages\/3024\/revisions"}],"predecessor-version":[{"id":3945,"href":"https:\/\/www.unilion.eu\/index.php?rest_route=\/wp\/v2\/pages\/3024\/revisions\/3945"}],"up":[{"embeddable":true,"href":"https:\/\/www.unilion.eu\/index.php?rest_route=\/wp\/v2\/pages\/3031"}],"wp:featuredmedia":[{"embeddable":true,"href":"https:\/\/www.unilion.eu\/index.php?rest_route=\/wp\/v2\/media\/3026"}],"wp:attachment":[{"href":"https:\/\/www.unilion.eu\/index.php?rest_route=%2Fwp%2Fv2%2Fmedia&parent=3024"}],"curies":[{"name":"wp","href":"https:\/\/api.w.org\/{rel}","templated":true}]}}