{"id":3979,"date":"2025-06-03T18:04:16","date_gmt":"2025-06-03T16:04:16","guid":{"rendered":"https:\/\/www.unilion.eu\/?page_id=3979"},"modified":"2025-06-10T17:07:01","modified_gmt":"2025-06-10T15:07:01","slug":"universite-nice-cote-dazur-unica","status":"publish","type":"page","link":"https:\/\/www.unilion.eu\/?page_id=3979","title":{"rendered":"Universit\u00e9 Nice C\u00f4te d\u2019Azur"},"content":{"rendered":"<p><strong>Universit\u00e9 C\u00f4te d\u2019Azur<\/strong>\u00a0was established in January 2020 with the status of a Grand \u00c9tablissement. It is the recipient of the major national label of excellence initiative &#8216;IdEx&#8217;, which places it among the 9 French &#8216;IdEx&#8217; universities that are intensive in research and have a strong outreach.<\/p>\n<p>Grounded in the belief that, in an increasingly complex and interconnected world, such an approach is essential to anticipating future challenges, Universit\u00e9 C\u00f4te d&#8217;Azur positions itself as a key driver of the region\u2019s scientific and economic development while enhancing its international visibility. Its IdEx label of excellence is reflected in its commitment to:<\/p>\n<ul>\n<li>Strengthening Universit\u00e9 C\u00f4te d\u2019Azur positioning of excellence and transdisciplinary model while reinforcing its attractiveness and societal impact,<\/li>\n<li>Fostering partnerships between the excellence of Universit\u00e9 C\u00f4te d\u2019Azur research teams and the innovative potential of the local ecosystem, to contribute to the growth dynamics of its territory and beyond,<\/li>\n<li>Aligning its educational offerings and programs with this commitment to excellence.<\/li>\n<\/ul>\n<p>Universit\u00e9 C\u00f4te d\u2019Azur operates 14 campuses across the French Riviera territory, including iconic locations such as Nice, Cannes, Menton, Grasse, and Sophia Antipolis, all of which reflect the university&#8217;s strong connection to the region. Furthermore, the Universities also rely on three mirror Campuses: the DNITT in Danang, the BISI in Montenegro, and the Franco-Indian Campus in Bangalore and Delhi.<\/p>\n<p>A founding member of the European alliance Ulysseus (<a href=\"https:\/\/ulysseus.eu\/fr\/\">Ulysseus<\/a>), host to one of the four French Interdisciplinary Institutes of Artificial Intelligence (3IA, <a href=\"https:\/\/3ia.univ-cotedazur.eu\/\">3IA C\u00f4te d\u2019Azur &#8211; Interdisciplinary Institute for Artificial Intelligence<\/a>), and equipped with significant partnerships with major national research players, Universit\u00e9 C\u00f4te d\u2019Azur aims to position itself among the best European universities and thus strengthen its international dimension.<\/p>\n<p><img loading=\"lazy\" decoding=\"async\" class=\"aligncenter wp-image-3980 size-full\" src=\"https:\/\/www.unilion.eu\/wp-content\/uploads\/2025\/06\/valrose.jpg\" alt=\"\" width=\"1000\" height=\"500\" srcset=\"https:\/\/www.unilion.eu\/wp-content\/uploads\/2025\/06\/valrose.jpg 1000w, https:\/\/www.unilion.eu\/wp-content\/uploads\/2025\/06\/valrose-300x150.jpg 300w, https:\/\/www.unilion.eu\/wp-content\/uploads\/2025\/06\/valrose-768x384.jpg 768w, https:\/\/www.unilion.eu\/wp-content\/uploads\/2025\/06\/valrose-800x400.jpg 800w\" sizes=\"auto, (max-width: 1000px) 100vw, 1000px\" \/><\/p>\n<p><strong>Our signature <\/strong><\/p>\n<p>Universit\u00e9 C\u00f4te d&#8217;Azur has made interdisciplinary and transdisciplinary research a strong signature of its commitment to addressing the challenges of the contemporary world. By encouraging excellence and dialogue between disciplines, the university transcends scientific boundaries to devise innovative approaches to environmental, social, and technological challenges. As such, interdisciplinarity is at the heart of the support mechanisms put in place by the university, notably through its Academies of Excellence, its thematic institutes such as NEUROMOD, and its Graduate Schools (EUR). These spaces foster the emergence of new concepts and encourage collaboration between researchers from different backgrounds. By facilitating the exchange of know-how and structuring high-impact projects, these initiatives enrich disciplines while strengthening the influence of research on society.<\/p>\n<p><strong>European and International commitment <\/strong><\/p>\n<p>In coherence with its internationalization strategy and driven by the ambition to strengthen its European presence, Universit\u00e9 C\u00f4te d\u2019Azur opened a Brussels Office in March 2025. Located within the Permanent Representation of the R\u00e9gion Sud, it aims to increase the University\u2019s European impact and commitment to the Higher Education and Research Area.<\/p>\n<p>The core activities of the Office are:<\/p>\n<ul>\n<li>To participate in events related to the key areas of Universit\u00e9 C\u00f4te d\u2019Azur,<\/li>\n<li>To monitor policy developments in the field of R&amp;I &amp; identify programs that would allow Universit\u00e9 C\u00f4te d\u2019Azur and its partners to strengthen a territorial dynamic,<\/li>\n<li>To liaise with the Maison Ir\u00e8ne and Fr\u00e9d\u00e9ric Joliot Curie, to which we have been affiliated since 2022, France Universit\u00e9s, and other permanent representations,<\/li>\n<li>To identify potential new partners for Universit\u00e9 C\u00f4te d\u2019Azur,<\/li>\n<li>Contribute to the strategic planning of European funding programs<\/li>\n<\/ul>\n","protected":false},"excerpt":{"rendered":"<p>Universit\u00e9 C\u00f4te d\u2019Azur\u00a0was established in January 2020 with the status of a Grand \u00c9tablissement. It is the recipient of the major national label of excellence initiative &#8216;IdEx&#8217;, which places it<span class=\"more-dots\">&#8230;<\/span><\/p>\n","protected":false},"author":12,"featured_media":3980,"parent":162,"menu_order":0,"comment_status":"closed","ping_status":"closed","template":"page-templates\/sidebar-right.php","meta":{"_acf_changed":false,"footnotes":""},"class_list":["post-3979","page","type-page","status-publish","has-post-thumbnail","hentry"],"acf":[],"_links":{"self":[{"href":"https:\/\/www.unilion.eu\/index.php?rest_route=\/wp\/v2\/pages\/3979","targetHints":{"allow":["GET"]}}],"collection":[{"href":"https:\/\/www.unilion.eu\/index.php?rest_route=\/wp\/v2\/pages"}],"about":[{"href":"https:\/\/www.unilion.eu\/index.php?rest_route=\/wp\/v2\/types\/page"}],"author":[{"embeddable":true,"href":"https:\/\/www.unilion.eu\/index.php?rest_route=\/wp\/v2\/users\/12"}],"replies":[{"embeddable":true,"href":"https:\/\/www.unilion.eu\/index.php?rest_route=%2Fwp%2Fv2%2Fcomments&post=3979"}],"version-history":[{"count":4,"href":"https:\/\/www.unilion.eu\/index.php?rest_route=\/wp\/v2\/pages\/3979\/revisions"}],"predecessor-version":[{"id":4003,"href":"https:\/\/www.unilion.eu\/index.php?rest_route=\/wp\/v2\/pages\/3979\/revisions\/4003"}],"up":[{"embeddable":true,"href":"https:\/\/www.unilion.eu\/index.php?rest_route=\/wp\/v2\/pages\/162"}],"wp:featuredmedia":[{"embeddable":true,"href":"https:\/\/www.unilion.eu\/index.php?rest_route=\/wp\/v2\/media\/3980"}],"wp:attachment":[{"href":"https:\/\/www.unilion.eu\/index.php?rest_route=%2Fwp%2Fv2%2Fmedia&parent=3979"}],"curies":[{"name":"wp","href":"https:\/\/api.w.org\/{rel}","templated":true}]}}