{"id":427,"date":"2018-06-12T11:44:03","date_gmt":"2018-06-12T11:44:03","guid":{"rendered":"https:\/\/www.unilion.eu\/?page_id=427"},"modified":"2026-03-26T20:22:05","modified_gmt":"2026-03-26T19:22:05","slug":"all-universities","status":"publish","type":"page","link":"https:\/\/www.unilion.eu\/?page_id=427","title":{"rendered":"All UnILiON universities"},"content":{"rendered":"\n<p><\/p>\n\n\n<p>This page lists all the universities that are represented by the Brussels liaison office that make up UnILiON.<\/p>\n<h3><span style=\"color: #2c3e50;\"><img loading=\"lazy\" decoding=\"async\" class=\"alignnone size-full wp-image-1933\" src=\"https:\/\/www.unilion.eu\/wp-content\/uploads\/2020\/03\/44px-Flag_of_Belgium.png\" alt=\"\" width=\"44\" height=\"29\" \/>\u00a0Belgium<\/span><\/h3>\n<ol>\n<li><a href=\"https:\/\/www.unilion.eu\/?page_id=758\">Ghent University<\/a><\/li>\n<li><a href=\"https:\/\/www.unilion.eu\/?page_id=753\">KU Leuven<\/a><\/li>\n<li><a href=\"https:\/\/www.unilion.eu\/?page_id=4373\">UC Louvain<\/a><\/li>\n<li><a href=\"https:\/\/www.unilion.eu\/?page_id=3110\">Universit\u00e9 libre de Bruxelles<\/a><\/li>\n<li><a href=\"https:\/\/www.unilion.eu\/?page_id=954\">Vrije Universiteit Brussel<\/a><\/li>\n<\/ol>\n<h3><img loading=\"lazy\" decoding=\"async\" class=\"alignnone size-full wp-image-2762\" src=\"https:\/\/www.unilion.eu\/wp-content\/uploads\/2022\/08\/flag-cz-e1661430717420.png\" alt=\"\" width=\"42\" height=\"28\" \/>\u00a0Czech Republic<\/h3>\n<ol>\n<li><a href=\"https:\/\/www.unilion.eu\/?page_id=839\">Czech University of Life Sciences Prague<\/a><\/li>\n<\/ol>\n<h3><span style=\"color: #2c3e50;\"><img loading=\"lazy\" decoding=\"async\" class=\"alignnone size-full wp-image-1934\" src=\"https:\/\/www.unilion.eu\/wp-content\/uploads\/2020\/03\/44px-Flag_of_Cyprus.png\" alt=\"\" width=\"44\" height=\"29\" \/>\u00a0Cyprus<\/span><\/h3>\n<ol>\n<li><a href=\"https:\/\/www.unilion.eu\/?page_id=839\">Cyprus University of Technology<\/a><\/li>\n<li><a href=\"https:\/\/www.unilion.eu\/?page_id=839\">European University Cyprus<\/a><\/li>\n<li><a href=\"https:\/\/www.unilion.eu\/?page_id=839\">Frederick University<\/a><\/li>\n<li><a href=\"https:\/\/www.unilion.eu\/?page_id=839\">Neapolis University Pafos<\/a><\/li>\n<li><a href=\"https:\/\/www.unilion.eu\/?page_id=839\">Open University of Cyprus<\/a><\/li>\n<li><a href=\"https:\/\/www.unilion.eu\/?page_id=839\">University of Central Lancashire, Cyprus<\/a><\/li>\n<li><a href=\"https:\/\/www.unilion.eu\/?page_id=839\">University of Cyprus<\/a><\/li>\n<li><a href=\"https:\/\/www.unilion.eu\/?page_id=839\">University of Nicosia<\/a><\/li>\n<\/ol>\n<h3><span style=\"color: #2c3e50;\"><img loading=\"lazy\" decoding=\"async\" class=\"alignnone size-full wp-image-1935\" src=\"https:\/\/www.unilion.eu\/wp-content\/uploads\/2020\/03\/44px-Flag_of_Denmark.png\" alt=\"\" width=\"44\" height=\"33\" \/>\u00a0Denmark<\/span><\/h3>\n<ol>\n<li><a href=\"https:\/\/www.unilion.eu\/?page_id=775\">Aalborg University<\/a><\/li>\n<li><a href=\"https:\/\/www.unilion.eu\/?page_id=772\">Aarhus University<\/a><\/li>\n<li><a href=\"https:\/\/www.unilion.eu\/?page_id=811\">Copenhagen Business School<\/a><\/li>\n<li><a href=\"https:\/\/www.unilion.eu\/?page_id=811\">Roskilde University<\/a><\/li>\n<li><a href=\"https:\/\/www.unilion.eu\/?page_id=811\">Technical University of Denmark (DTU)<\/a><\/li>\n<li><a href=\"https:\/\/www.unilion.eu\/?page_id=811\">University of Copenhagen<\/a><\/li>\n<\/ol>\n<h3><span style=\"color: #2c3e50;\"><img loading=\"lazy\" decoding=\"async\" class=\"alignnone size-full wp-image-1936\" src=\"https:\/\/www.unilion.eu\/wp-content\/uploads\/2020\/03\/44px-Flag_of_Finland.png\" alt=\"\" width=\"44\" height=\"27\" \/> Finland<\/span><\/h3>\n<ol>\n<li><a href=\"https:\/\/www.unilion.eu\/?page_id=3114\">\u00c5bo Akademi University<\/a><\/li>\n<li><a href=\"https:\/\/www.unilion.eu\/?page_id=3863\">Aalto University<\/a><\/li>\n<li><a href=\"https:\/\/www.unilion.eu\/?page_id=1712\">Haaga-Helia University of Applied Sciences<\/a><\/li>\n<li><a href=\"https:\/\/www.unilion.eu\/?page_id=3114\">Novia University of Applied Sciences<\/a><\/li>\n<li><a href=\"https:\/\/www.unilion.eu\/?page_id=1712\">Laurea University of Applied Sciences<\/a><\/li>\n<li><a href=\"https:\/\/www.unilion.eu\/?page_id=1361\">LUT University<\/a><\/li>\n<li><a href=\"https:\/\/www.unilion.eu\/?page_id=1712\">Metropolia University of Applied Sciences<\/a><\/li>\n<li><a href=\"https:\/\/www.unilion.eu\/?page_id=3114\">Turku University of Applied Sciences<\/a><\/li>\n<li><a href=\"https:\/\/www.unilion.eu\/?page_id=821\">University of Eastern Finland<\/a><\/li>\n<li><a href=\"https:\/\/www.unilion.eu\/?page_id=2081\">University of Helsinki<\/a><\/li>\n<li><a href=\"https:\/\/www.unilion.eu\/?page_id=4021\">University of Oulu<\/a><\/li>\n<li><a href=\"https:\/\/www.unilion.eu\/?page_id=3114\">University of Turku<\/a><\/li>\n<li>University of Vaasa<\/li>\n<\/ol>\n<h3><span style=\"color: #2c3e50;\"><img loading=\"lazy\" decoding=\"async\" class=\"alignnone size-full wp-image-1937\" src=\"https:\/\/www.unilion.eu\/wp-content\/uploads\/2020\/03\/44px-Flag_of_France.png\" alt=\"\" width=\"44\" height=\"29\" \/>\u00a0France<\/span><\/h3>\n<ol>\n<li><a href=\"https:\/\/www.unilion.eu\/?page_id=1291\">Aix-Marseille University<\/a><\/li>\n<li><a href=\"https:\/\/www.unilion.eu\/?page_id=3797\">Institut Mines-T\u00e9l\u00e9com<\/a><\/li>\n<li><a href=\"https:\/\/www.unilion.eu\/?page_id=1742\">Institut Polytechnique de Paris (IP Paris)<\/a><\/li>\n<li><a href=\"https:\/\/www.unilion.eu\/?page_id=3979\">Universit\u00e9 Nice C\u00f4te d\u2019Azur<\/a><\/li>\n<li><a href=\"https:\/\/www.unilion.eu\/?page_id=2660\">Universit\u00e9 de Lorraine<\/a><\/li>\n<\/ol>\n<h3><span style=\"color: #2c3e50;\"><img loading=\"lazy\" decoding=\"async\" class=\"alignnone size-full wp-image-1938\" src=\"https:\/\/www.unilion.eu\/wp-content\/uploads\/2020\/03\/44px-Flag_of_Germany.png\" alt=\"\" width=\"44\" height=\"26\" \/>\u00a0Germany<\/span><\/h3>\n<ol>\n<li><a href=\"https:\/\/www.unilion.eu\/?page_id=196\">Ansbach University of Applied Sciences<\/a><\/li>\n<li><a href=\"https:\/\/www.unilion.eu\/?page_id=196\">Aschaffenburg University of Applied Sciences<\/a><\/li>\n<li><a href=\"https:\/\/www.unilion.eu\/?page_id=196\">Augsburg University of Applied Sciences<\/a><\/li>\n<li><a href=\"https:\/\/www.unilion.eu\/?page_id=196\">Catholic University of Eichst\u00e4tt-Ingolstadt<\/a><\/li>\n<li><a href=\"https:\/\/www.unilion.eu\/?page_id=196\">Coburg University of Applied Sciences and Arts<\/a><\/li>\n<li><a href=\"https:\/\/www.unilion.eu\/?page_id=196\">Deggendorf Institute of Technology<\/a><\/li>\n<li><a href=\"https:\/\/www.unilion.eu\/?page_id=196\">Friedrich-Alexander-Universit\u00e4t Erlangen-N\u00fcrnberg<\/a><\/li>\n<li><a href=\"https:\/\/www.unilion.eu\/?page_id=196\">Hof University of Applied Sciences<\/a><\/li>\n<li><a href=\"https:\/\/www.unilion.eu\/?page_id=196\">Julius-Maximilians-Universit\u00e4t W\u00fcrzburg<\/a><\/li>\n<li><a href=\"https:\/\/www.unilion.eu\/?page_id=196\">Katholische Stiftungshochschule M\u00fcnchen<\/a><\/li>\n<li><a href=\"https:\/\/www.unilion.eu\/?page_id=196\">Kempten University of Applied Sciences<\/a><\/li>\n<li><a href=\"https:\/\/www.unilion.eu\/?page_id=196\">Landshut University of Applied Sciences<\/a><\/li>\n<li><a href=\"https:\/\/www.unilion.eu\/?page_id=196\">Ludwig-Maximilians-Universit\u00e4t M\u00fcnchen<\/a><\/li>\n<li><a href=\"https:\/\/www.unilion.eu\/?page_id=196\">Lutheran University of Applied Sciences N\u00fcrnberg (EVHN)<\/a><\/li>\n<li><a href=\"https:\/\/www.hfph.de\/en\">Munich School of Philosophy<\/a><\/li>\n<li><a href=\"https:\/\/www.unilion.eu\/?page_id=196\">Munich University of Applied Sciences<\/a><\/li>\n<li><a href=\"https:\/\/www.unilion.eu\/?page_id=196\">Neu-Ulm University of Applied Sciences (HNU)<\/a><\/li>\n<li><a href=\"https:\/\/www.unilion.eu\/?page_id=196\">Nuremberg Institute of Technology<\/a><\/li>\n<li><a href=\"https:\/\/www.unilion.eu\/?page_id=196\">OTH Regensburg<\/a><\/li>\n<li><a href=\"https:\/\/www.unilion.eu\/?page_id=196\">OTH \u2013 Technical University of Applied Sciences<\/a><\/li>\n<li><a href=\"https:\/\/www.unilion.eu\/?page_id=196\">Rosenheim Technical University of Applied Sciences<\/a><\/li>\n<li><a href=\"https:\/\/www.unilion.eu\/?page_id=196\">Technische Hochschule Ingolstadt<\/a><\/li>\n<li><a href=\"https:\/\/www.unilion.eu\/?page_id=1199\">Technical University of Munich<\/a><\/li>\n<li><a href=\"https:\/\/www.unilion.eu\/?page_id=196\">University of Augsburg<\/a><\/li>\n<li><a href=\"https:\/\/www.unilion.eu\/?page_id=196\">University of Applied Sciences W\u00fcrzburg-Schweinfurt<\/a><\/li>\n<li><a href=\"https:\/\/www.unilion.eu\/?page_id=196\">University of Bamberg<\/a><\/li>\n<li><a href=\"https:\/\/www.unilion.eu\/?page_id=196\">University of Bayreuth<\/a><\/li>\n<li><a href=\"https:\/\/www.unibw.de\/home-en\">Universit\u00e4t der Bundeswehr M\u00fcnchen<\/a><\/li>\n<li><a href=\"https:\/\/www.unilion.eu\/?page_id=770\">University of M\u00fcnster<\/a><\/li>\n<li><a href=\"https:\/\/www.unilion.eu\/?page_id=196\">University of Passau<\/a><\/li>\n<li><a href=\"https:\/\/www.unilion.eu\/?page_id=196\">Universit\u00e4t Regensburg<\/a><\/li>\n<li><a href=\"https:\/\/www.unilion.eu\/?page_id=196\">Weihenstephan-Triesdorf University of Applied Sciences<\/a><\/li>\n<\/ol>\n<h3><span style=\"color: #2c3e50;\"><img loading=\"lazy\" decoding=\"async\" class=\"alignnone size-full wp-image-1964\" src=\"https:\/\/www.unilion.eu\/wp-content\/uploads\/2020\/03\/44px-Flag_of_Greece.png\" alt=\"\" width=\"44\" height=\"29\" \/>\u00a0Greece<\/span><\/h3>\n<ol>\n<li><a href=\"https:\/\/www.unilion.eu\/?page_id=839\">Athens University of Economics and Business<\/a><\/li>\n<li><a href=\"https:\/\/www.unilion.eu\/?page_id=839\">Hellenic Open University<\/a><\/li>\n<li><a href=\"https:\/\/www.unilion.eu\/?page_id=839\">National and Kapodistrian University of Athens<\/a><\/li>\n<li><a href=\"https:\/\/www.unilion.eu\/?page_id=839\">National Technical University of Athens<\/a><\/li>\n<li><a href=\"https:\/\/www.unilion.eu\/?page_id=839\">University of Thessaly<\/a><\/li>\n<\/ol>\n<h3><span style=\"color: #2c3e50;\"><img loading=\"lazy\" decoding=\"async\" class=\"wp-image-1939 alignnone\" src=\"https:\/\/www.unilion.eu\/wp-content\/uploads\/2020\/03\/44px-Flag_of_Hungary.png\" alt=\"\" width=\"54\" height=\"27\" \/>\u00a0Hungary<\/span><\/h3>\n<ol>\n<li><a href=\"https:\/\/www.unilion.eu\/?page_id=1614\">E\u00f6tv\u00f6s Lor\u00e1nd University (ELTE)<\/a><\/li>\n<li><a href=\"https:\/\/www.unilion.eu\/?page_id=1614\">Corvinus University of Budapest (Corvinus)\u00a0<\/a><\/li>\n<\/ol>\n<h3><span style=\"color: #2c3e50;\"><img loading=\"lazy\" decoding=\"async\" class=\"alignnone size-full wp-image-1940\" src=\"https:\/\/www.unilion.eu\/wp-content\/uploads\/2020\/03\/44px-Flag_of_Italy.png\" alt=\"\" width=\"44\" height=\"29\" \/>\u00a0Italy<\/span><\/h3>\n<ol>\n<li><a href=\"https:\/\/www.unilion.eu\/?page_id=1905\">Free University of Bozen-Bolzano<\/a><\/li>\n<li><a href=\"https:\/\/www.unilion.eu\/?page_id=1759\">IMT School for Advanced Studies Lucca<\/a><\/li>\n<li>Politecnico di Milano<\/li>\n<li><a href=\"https:\/\/www.unilion.eu\/?page_id=2532\">Politecnico di Torino<\/a><\/li>\n<li><a href=\"https:\/\/www.unilion.eu\/?page_id=1759\">Sant\u2019Anna School of Advanced Studies &#8211; Pisa<\/a><\/li>\n<li><a href=\"https:\/\/www.unilion.eu\/?page_id=1759\">Scuola Normale Superiore di Pisa<\/a><\/li>\n<li><a href=\"https:\/\/www.unilion.eu\/?page_id=923\">Universit\u00e0 Cattolica del Sacro Cuore<\/a><\/li>\n<li><a href=\"https:\/\/www.unilion.eu\/?page_id=1759\">University of Florence<\/a><\/li>\n<li><a href=\"https:\/\/www.unilion.eu\/?page_id=1759\">University for Foreigners of Siena<\/a><\/li>\n<li><a href=\"https:\/\/www.unilion.eu\/?page_id=1759\">University of Pisa<\/a><\/li>\n<li><a href=\"https:\/\/www.unilion.eu\/?page_id=1759\">University of Siena<\/a><\/li>\n<li><a href=\"https:\/\/www.unilion.eu\/?page_id=1723\">University Suor Orsola Benincasa<\/a><\/li>\n<li><a href=\"https:\/\/www.unilion.eu\/?page_id=2845\">Universit\u00e0 Politecnica delle Marche<\/a><\/li>\n<\/ol>\n<h3><span style=\"color: #2c3e50;\"> <img loading=\"lazy\" decoding=\"async\" class=\"alignnone size-full wp-image-1941\" src=\"https:\/\/www.unilion.eu\/wp-content\/uploads\/2020\/03\/44px-Flag_of_Japan.png\" alt=\"\" width=\"44\" height=\"29\" \/> Japan<\/span><\/h3>\n<ol>\n<li><a href=\"https:\/\/www.unilion.eu\/?page_id=790\">Waseda University<\/a><\/li>\n<\/ol>\n<h3><span style=\"color: #2c3e50;\"><img loading=\"lazy\" decoding=\"async\" class=\"alignnone size-full wp-image-1948\" src=\"https:\/\/www.unilion.eu\/wp-content\/uploads\/2020\/03\/44px-Flag_of_the_Netherlands.png\" alt=\"\" width=\"44\" height=\"29\" \/>\u00a0Netherlands<\/span><\/h3>\n<ol>\n<li><a href=\"https:\/\/www.amsterdamuas.com\/research\/research.html\">Amsterdam University of Applied Sciences<\/a><\/li>\n<li><a href=\"https:\/\/www.ahk.nl\/en\/research\/\">Amsterdam University of the Arts<\/a><\/li>\n<li><a href=\"http:\/\/www.aereshogeschool.nl\"><span data-olk-copy-source=\"MessageBody\">Aeres University of Applied Siences<\/span><\/a><\/li>\n<li><a href=\"https:\/\/www.artez.nl\/en\/research\">ArtEZ University of the Arts<\/a><\/li>\n<li><a href=\"https:\/\/www.avans.nl\/international\/for-international-organisations\/centres-of-applied-research\">Avans Universtity of Applied Scieces<\/a><\/li>\n<li><a href=\"https:\/\/www.buas.nl\/en\/research\">Breda University of Applied Sciences<\/a><\/li>\n<li><a href=\"http:\/\/www.tue.nl\">Eindhoven University of Technology<\/a><\/li>\n<li><a href=\"https:\/\/fontys.edu\/About-us\/Research-education.htm\">Fontys University of Applied Sciences<\/a><\/li>\n<li><a href=\"https:\/\/www.han.nl\/international\/english\/research\/\">HAN University of Applied Sciences<\/a><\/li>\n<li><a href=\"https:\/\/www.hanze.nl\/eng\/research\/overviews\/applied-research-centres\">Hanze University of Applied Sciences<\/a><\/li>\n<li><a href=\"http:\/\/www.has.nl\"><span data-olk-copy-source=\"MessageBody\">HAS Green Academy<\/span><\/a><\/li>\n<li><a href=\"https:\/\/www.hku.nl\/Home\/Research\/ResearchAndInnovation.htm\">HKU University of the Arts Utrecht<\/a><\/li>\n<li><a href=\"https:\/\/hz.nl\/\"><span data-olk-copy-source=\"MessageBody\">Hogeschool Zeeland<\/span><\/a><\/li>\n<li><a href=\"https:\/\/research.hu.nl\/\">HU University of Applied Sciences Utrecht<\/a><\/li>\n<li><a href=\"https:\/\/www.inholland.nl\/inhollandcom\/about-inholland\/\"><span data-olk-copy-source=\"MessageBody\">InHolland University of Applied Science<\/span><\/a><\/li>\n<li><a href=\"https:\/\/www.hsleiden.nl\/en\/research?_gl=1*t9r9yg*_up*MQ..&amp;gclid=Cj0KCQjwj4K5BhDYARIsAD1Ly2pYO-e8_yXw97A33qZVEa6NVTGCM_K3xCVX1F1NLnxao6DSSqzYC3saAsenEALw_wcB\"><span data-olk-copy-source=\"MessageBody\">Leiden University of Applied Science<\/span><\/a><\/li>\n<li><a href=\"https:\/\/www.unilion.eu\/?page_id=1022\">Maastricht University<\/a><\/li>\n<li><a href=\"https:\/\/www.nhlstenden.com\/en\/research\">NHL Stenden University of Applied Sciences<\/a><\/li>\n<li><a href=\"https:\/\/www.hogeschoolrotterdam.nl\/\">Rotterdam University of Applied Sciences<\/a><\/li>\n<li><a href=\"https:\/\/www.saxion.edu\/business-and-research\">Saxion University of Applied Sciences<\/a><\/li>\n<li><a href=\"https:\/\/www.thehagueuniversity.com\/about-thuas\/about-us\/working-towards-change\">The Hague University of Applied Sciences<\/a><\/li>\n<li><a href=\"https:\/\/www.unilion.eu\/?page_id=3846\">TU Delft<\/a><\/li>\n<li><a href=\"https:\/\/www.unilion.eu\/?page_id=3659\">University of Twente<\/a><\/li>\n<li><a href=\"https:\/\/www.vhluniversity.com\/research\">Van Hall Larenstein University of Applied Sciences<\/a><\/li>\n<li><a href=\"https:\/\/www.unilion.eu\/?page_id=1519\">Vrije Universiteit Amsterdam<\/a><\/li>\n<li><a href=\"https:\/\/www.windesheim.com\">Windesheim University of Applied Sciences<\/a><\/li>\n<li><a href=\"https:\/\/www.zuyd.nl\/en\/research\">Zuyd University of Applied Sciences<\/a><\/li>\n<\/ol>\n<h3><span style=\"color: #2c3e50;\"><img loading=\"lazy\" decoding=\"async\" class=\"alignnone size-full wp-image-1942\" src=\"https:\/\/www.unilion.eu\/wp-content\/uploads\/2020\/03\/44px-Flag_of_Norway.png\" alt=\"\" width=\"44\" height=\"32\" \/>\u00a0Norway<\/span><\/h3>\n<ol>\n<li><a href=\"https:\/\/www.unilion.eu\/?page_id=913\">Norwegian University of Science and Technology (NTNU)<\/a><\/li>\n<li><a href=\"https:\/\/www.unilion.eu\/?page_id=836\">University of Bergen<\/a><\/li>\n<li><a href=\"https:\/\/www.unilion.eu\/?page_id=3929\">University of Troms\u00f8 \u2013 The Arctic University of Norway<\/a><\/li>\n<\/ol>\n<h3><span style=\"color: #2c3e50;\"><img loading=\"lazy\" decoding=\"async\" class=\"alignnone size-full wp-image-1943\" src=\"https:\/\/www.unilion.eu\/wp-content\/uploads\/2020\/03\/44px-Flag_of_Poland.png\" alt=\"\" width=\"44\" height=\"28\" \/>\u00a0Poland<\/span><\/h3>\n<ol>\n<li><a href=\"https:\/\/www.unilion.eu\/?page_id=897\">Gda\u0144sk University of Physical Education and Sport<\/a><\/li>\n<li><a href=\"https:\/\/www.unilion.eu\/?page_id=897\">Gda\u0144sk University of Technology<\/a><\/li>\n<li><a href=\"https:\/\/www.unilion.eu\/?page_id=897\">Gdynia Maritime University<\/a><\/li>\n<li><a href=\"https:\/\/www.unilion.eu\/?page_id=897\">Medical University of Gda\u0144sk<\/a><\/li>\n<li><a href=\"https:\/\/www.unilion.eu\/?page_id=897\">Polish Naval Academy of the Heroes of Westerplatte<\/a><\/li>\n<li><a href=\"https:\/\/www.unilion.eu\/?page_id=897\">Pomeranian University in S\u0142upsk<\/a><\/li>\n<li><a href=\"https:\/\/www.unilion.eu\/?page_id=897\">University of Gda\u0144sk<\/a><\/li>\n<\/ol>\n<h3>\u00a0<img loading=\"lazy\" decoding=\"async\" class=\"alignnone wp-image-2984\" style=\"color: revert; font-size: revert; font-weight: revert;\" src=\"https:\/\/www.unilion.eu\/wp-content\/uploads\/2023\/05\/flag-romania-300x225.jpg\" alt=\"\" width=\"44\" height=\"33\" srcset=\"https:\/\/www.unilion.eu\/wp-content\/uploads\/2023\/05\/flag-romania-300x225.jpg 300w, https:\/\/www.unilion.eu\/wp-content\/uploads\/2023\/05\/flag-romania-360x270.jpg 360w, https:\/\/www.unilion.eu\/wp-content\/uploads\/2023\/05\/flag-romania.jpg 387w\" sizes=\"auto, (max-width: 44px) 100vw, 44px\" \/> Romania<\/h3>\n<ol>\n<li><a href=\"https:\/\/www.unilion.eu\/?page_id=3667\">University of Medicine and Pharmacy Carol Davila<\/a><\/li>\n<\/ol>\n<p><span style=\"color: #2c3e50;\" data-wp-editing=\"1\"><img loading=\"lazy\" decoding=\"async\" class=\"wp-image-3214 alignleft\" src=\"https:\/\/www.unilion.eu\/wp-content\/uploads\/2024\/02\/Flag_of_Slovakia.svg_.png\" alt=\"\" width=\"44\" height=\"29\" srcset=\"https:\/\/www.unilion.eu\/wp-content\/uploads\/2024\/02\/Flag_of_Slovakia.svg_.png 383w, https:\/\/www.unilion.eu\/wp-content\/uploads\/2024\/02\/Flag_of_Slovakia.svg_-300x200.png 300w, https:\/\/www.unilion.eu\/wp-content\/uploads\/2024\/02\/Flag_of_Slovakia.svg_-272x182.png 272w\" sizes=\"auto, (max-width: 44px) 100vw, 44px\" \/><span style=\"font-size: 1.3em; letter-spacing: 0.02em;\"><strong>Slovakia<\/strong>\u00a0<\/span><\/span><\/p>\n<ol>\n<li><a href=\"https:\/\/www.unilion.eu\/?page_id=3265\">Slovak University of Technology in Bratislava<\/a><\/li>\n<\/ol>\n<h3><span style=\"color: #2c3e50;\"><img loading=\"lazy\" decoding=\"async\" class=\"alignnone  wp-image-1945\" src=\"https:\/\/www.unilion.eu\/wp-content\/uploads\/2020\/03\/44px-Flag_of_Slovenia.png\" alt=\"\" width=\"46\" height=\"23\" \/>\u00a0Slovenia<\/span><\/h3>\n<ol>\n<li><a href=\"https:\/\/www.unilion.eu\/?page_id=1314\">University of Ljubljana<\/a><\/li>\n<li><a href=\"https:\/\/www.unilion.eu\/?page_id=1314\">University of Maribor<\/a><\/li>\n<li><a href=\"https:\/\/www.unilion.eu\/?page_id=1314\">University of Nova Gorica<\/a><\/li>\n<li><a href=\"https:\/\/www.unilion.eu\/?page_id=1314\">University of Primorska<\/a><\/li>\n<\/ol>\n<h3 data-wp-editing=\"1\"><img loading=\"lazy\" decoding=\"async\" class=\"wp-image-3960 alignnone\" src=\"https:\/\/www.unilion.eu\/wp-content\/uploads\/2025\/06\/download.png\" alt=\"\" width=\"48\" height=\"32\" \/>\u00a0South Africa<\/h3>\n<ol>\n<li><a href=\"https:\/\/www.unilion.eu\/?page_id=3970\">Stellenbosch University<\/a><\/li>\n<\/ol>\n<h3 data-wp-editing=\"1\"><span style=\"color: #2c3e50;\"><img loading=\"lazy\" decoding=\"async\" class=\"alignnone size-full wp-image-1946\" src=\"https:\/\/www.unilion.eu\/wp-content\/uploads\/2020\/03\/44px-Flag_of_Spain.png\" alt=\"\" width=\"44\" height=\"29\" \/>\u00a0Spain<\/span><\/h3>\n<ol>\n<li><a href=\"https:\/\/www.unilion.eu\/?page_id=765\">Autonomous University of Barcelona<\/a><\/li>\n<li><a href=\"https:\/\/www.unilion.eu\/?page_id=765\">Autonomous University of Madrid<\/a><\/li>\n<li><a href=\"https:\/\/www.unilion.eu\/?page_id=765\">Carlos III University of Madrid<\/a><\/li>\n<li><a href=\"https:\/\/www.unilion.eu\/?page_id=765\">Pompeu Fabra University of Barcelona<\/a><\/li>\n<li><a href=\"https:\/\/www.unilion.eu\/?page_id=756\">University of A Coru\u00f1a<\/a><\/li>\n<li><a href=\"https:\/\/www.unilion.eu\/?page_id=101\">University of Alcal\u00e1<\/a><\/li>\n<li><a href=\"https:\/\/www.unilion.eu\/?page_id=1980\">University of Extremadura<\/a><\/li>\n<li><a href=\"https:\/\/www.unilion.eu\/?page_id=101\">University Rey Juan Carlos<\/a><\/li>\n<li><a href=\"https:\/\/www.unilion.eu\/?page_id=756\">University of Santiago de Compostela<\/a><\/li>\n<li><a href=\"https:\/\/www.unilion.eu\/?page_id=756\">University of Vigo<\/a><\/li>\n<\/ol>\n<h3><img loading=\"lazy\" decoding=\"async\" class=\"alignnone wp-image-2982\" src=\"https:\/\/www.unilion.eu\/wp-content\/uploads\/2023\/05\/flag-swiss-300x195.jpg\" alt=\"\" width=\"44\" height=\"29\" srcset=\"https:\/\/www.unilion.eu\/wp-content\/uploads\/2023\/05\/flag-swiss-300x195.jpg 300w, https:\/\/www.unilion.eu\/wp-content\/uploads\/2023\/05\/flag-swiss-415x270.jpg 415w, https:\/\/www.unilion.eu\/wp-content\/uploads\/2023\/05\/flag-swiss-272x182.jpg 272w, https:\/\/www.unilion.eu\/wp-content\/uploads\/2023\/05\/flag-swiss.jpg 550w\" sizes=\"auto, (max-width: 44px) 100vw, 44px\" \/> Switzerland<\/h3>\n<ol>\n<li><a href=\"https:\/\/www.unilion.eu\/?page_id=3024\">EPFL<\/a><\/li>\n<\/ol>\n<h3><span style=\"color: #2c3e50;\"><img loading=\"lazy\" decoding=\"async\" class=\"alignnone size-full wp-image-1947\" src=\"https:\/\/www.unilion.eu\/wp-content\/uploads\/2020\/03\/44px-Flag_of_Sweden.png\" alt=\"\" width=\"44\" height=\"28\" \/>\u00a0Sweden<\/span><\/h3>\n<ol>\n<li><a href=\"https:\/\/www.unilion.eu\/?page_id=986\">Blekinge Institute of Technology (BTH)<\/a><\/li>\n<li><a href=\"https:\/\/www.unilion.eu\/?page_id=986\">Halmstad University<\/a><\/li>\n<li><a href=\"https:\/\/www.unilion.eu\/?page_id=2174\">Karolinska Institutet<\/a><\/li>\n<li><a href=\"https:\/\/www.unilion.eu\/?page_id=986\">Kristianstad University<\/a><\/li>\n<li><a href=\"https:\/\/www.unilion.eu\/?page_id=2174\">KTH Royal Institute of Technology<\/a><\/li>\n<li><a href=\"https:\/\/www.unilion.eu\/?page_id=4181\">Link\u00f6ping University (LiU)<\/a><\/li>\n<li><a href=\"https:\/\/www.unilion.eu\/?page_id=986\">Linn\u00e6us University<\/a><\/li>\n<li><a href=\"https:\/\/www.unilion.eu\/?page_id=3782\">Lule\u00e5 University of Technology<\/a><\/li>\n<li><a href=\"https:\/\/www.unilion.eu\/?page_id=986\">Lund University<\/a><\/li>\n<li><a href=\"https:\/\/www.unilion.eu\/?page_id=986\">Malm\u00f6 University<\/a><\/li>\n<li><a href=\"https:\/\/www.unilion.eu\/?page_id=2245\">Mid Sweden University<\/a><\/li>\n<li><a href=\"https:\/\/www.unilion.eu\/?page_id=2174\">Stockholm University<\/a><\/li>\n<li><a href=\"https:\/\/www.unilion.eu\/?page_id=986\">Swedish University of Agricultural Sciences (SLU)<\/a><\/li>\n<li><a href=\"https:\/\/www.unilion.eu\/?page_id=2245\">Ume\u00e5 University<\/a><\/li>\n<\/ol>\n<h3><span style=\"color: #2c3e50;\"><img loading=\"lazy\" decoding=\"async\" class=\"alignnone size-full wp-image-1949\" src=\"https:\/\/www.unilion.eu\/wp-content\/uploads\/2020\/03\/44px-Flag_of_the_United_Kingdom.png\" alt=\"\" width=\"44\" height=\"22\" \/>\u00a0United Kingdom<\/span><\/h3>\n<ol>\n<li><a href=\"https:\/\/www.unilion.eu\/?page_id=1337\">Aberystwyth University<\/a><\/li>\n<li><a href=\"https:\/\/www.unilion.eu\/?page_id=803\">Aston University<\/a><\/li>\n<li><a href=\"https:\/\/www.unilion.eu\/?page_id=1337\">Bangor University<\/a><\/li>\n<li><a href=\"https:\/\/www.unilion.eu\/?page_id=803\">Birmingham City University<\/a><\/li>\n<li><a href=\"https:\/\/www.unilion.eu\/?page_id=1337\">Cardiff Metropolitan University<\/a><\/li>\n<li><a href=\"https:\/\/www.unilion.eu\/?page_id=1337\">Cardiff University<\/a><\/li>\n<li><a href=\"https:\/\/www.unilion.eu\/?page_id=893\">Coventry University<\/a><\/li>\n<li><a href=\"https:\/\/www.unilion.eu\/?page_id=1337\">Swansea University<\/a><\/li>\n<li><a href=\"https:\/\/www.open.ac.uk\/\">The Open University<\/a><\/li>\n<li><a href=\"https:\/\/www.unilion.eu\/?page_id=885\">University of Bristol<\/a><\/li>\n<li><a href=\"https:\/\/www.unilion.eu\/?page_id=3159\">University of Leeds<\/a><\/li>\n<li><a href=\"https:\/\/www.unilion.eu\/?page_id=1337\">University of South Wales<\/a><\/li>\n<li><a href=\"https:\/\/www.unilion.eu\/?page_id=1337\">University of Wales Trinity St David<\/a><\/li>\n<li><a href=\"https:\/\/www.unilion.eu\/?page_id=1337\">Wrexham University<\/a><\/li>\n<\/ol>\n\n\n<div class=\"wp-block-buttons is-layout-flex wp-block-buttons-is-layout-flex\">\n<div class=\"wp-block-button is-style-arrow\"><a class=\"wp-block-button__link has-background has-small-font-size has-custom-font-size wp-element-button\" href=\"https:\/\/www.unilion.eu\/?page_id=622\" style=\"border-radius:18px;background:linear-gradient(135deg,rgb(227,127,7) 0%,rgb(155,81,224) 100%);padding-top:var(--wp--preset--spacing--40);padding-bottom:var(--wp--preset--spacing--40)\">See the list of Member offices<\/a><\/div>\n<\/div>\n\n\n\n<p><\/p>\n","protected":false},"excerpt":{"rendered":"<p>This page lists all the universities that are represented by the Brussels liaison office that make up UnILiON. \u00a0Belgium Ghent University KU Leuven UC Louvain Universit\u00e9 libre de Bruxelles Vrije<span class=\"more-dots\">&#8230;<\/span><\/p>\n","protected":false},"author":12,"featured_media":0,"parent":622,"menu_order":0,"comment_status":"closed","ping_status":"closed","template":"","meta":{"_acf_changed":false,"footnotes":""},"class_list":["post-427","page","type-page","status-publish","hentry","no-post-thumbnail"],"acf":[],"_links":{"self":[{"href":"https:\/\/www.unilion.eu\/index.php?rest_route=\/wp\/v2\/pages\/427","targetHints":{"allow":["GET"]}}],"collection":[{"href":"https:\/\/www.unilion.eu\/index.php?rest_route=\/wp\/v2\/pages"}],"about":[{"href":"https:\/\/www.unilion.eu\/index.php?rest_route=\/wp\/v2\/types\/page"}],"author":[{"embeddable":true,"href":"https:\/\/www.unilion.eu\/index.php?rest_route=\/wp\/v2\/users\/12"}],"replies":[{"embeddable":true,"href":"https:\/\/www.unilion.eu\/index.php?rest_route=%2Fwp%2Fv2%2Fcomments&post=427"}],"version-history":[{"count":181,"href":"https:\/\/www.unilion.eu\/index.php?rest_route=\/wp\/v2\/pages\/427\/revisions"}],"predecessor-version":[{"id":4383,"href":"https:\/\/www.unilion.eu\/index.php?rest_route=\/wp\/v2\/pages\/427\/revisions\/4383"}],"up":[{"embeddable":true,"href":"https:\/\/www.unilion.eu\/index.php?rest_route=\/wp\/v2\/pages\/622"}],"wp:attachment":[{"href":"https:\/\/www.unilion.eu\/index.php?rest_route=%2Fwp%2Fv2%2Fmedia&parent=427"}],"curies":[{"name":"wp","href":"https:\/\/api.w.org\/{rel}","templated":true}]}}