{"id":622,"date":"2018-07-01T19:50:42","date_gmt":"2018-07-01T19:50:42","guid":{"rendered":"https:\/\/www.unilion.eu\/?page_id=622"},"modified":"2026-03-26T20:22:58","modified_gmt":"2026-03-26T19:22:58","slug":"members-list","status":"publish","type":"page","link":"https:\/\/www.unilion.eu\/?page_id=622","title":{"rendered":"Members"},"content":{"rendered":"\n<p>Our membership consists of 61 Brussels-based liaison offices representing 171 universities. You can also see a <a href=\"https:\/\/www.unilion.eu\/?page_id=427\">list of all individual universities that are part of our member offices<\/a>.<\/p>\n\n\n\n<div class=\"wp-block-group country-list has-background-background-color has-background is-layout-grid wp-container-core-group-is-layout-37d7f464 wp-block-group-is-layout-grid\" style=\"padding-right:var(--wp--preset--spacing--60);padding-left:var(--wp--preset--spacing--60)\">\n<div class=\"wp-block-group is-vertical is-layout-flex wp-container-core-group-is-layout-8cf370e7 wp-block-group-is-layout-flex\">\n<h3 class=\"wp-block-heading\"><span style=\"color: #2c3e50;\"><img loading=\"lazy\" decoding=\"async\" class=\"alignnone size-full wp-image-1933\" src=\"https:\/\/www.unilion.eu\/wp-content\/uploads\/2020\/03\/44px-Flag_of_Belgium.png\" alt=\"\" width=\"44\" height=\"29\">&nbsp;Belgium<\/span><\/h3>\n\n\n\n<ul class=\"wp-block-list\">\n<li><a href=\"https:\/\/www.unilion.eu\/?page_id=758\">Ghent University<\/a><\/li>\n\n\n\n<li><a href=\"https:\/\/www.unilion.eu\/?page_id=753\">KU Leuven<\/a><\/li>\n\n\n\n<li><a href=\"https:\/\/www.unilion.eu\/?page_id=4373\" data-type=\"page\" data-id=\"4373\">UC Louvain<\/a><\/li>\n\n\n\n<li><a href=\"https:\/\/www.unilion.eu\/?page_id=3110\">Universit\u00e9 libre de Bruxelles<\/a><\/li>\n\n\n\n<li><a href=\"https:\/\/www.unilion.eu\/?page_id=954\">Vrije Universiteit Brussel<\/a><\/li>\n<\/ul>\n\n\n\n<hr class=\"wp-block-separator has-alpha-channel-opacity\"\/>\n<\/div>\n\n\n\n<div class=\"wp-block-group is-vertical is-layout-flex wp-container-core-group-is-layout-8cf370e7 wp-block-group-is-layout-flex\">\n<h3 class=\"wp-block-heading\"><span style=\"color: #2c3e50;\"><img loading=\"lazy\" decoding=\"async\" class=\"alignnone size-full wp-image-1934\" src=\"https:\/\/www.unilion.eu\/wp-content\/uploads\/2020\/03\/44px-Flag_of_Cyprus.png\" alt=\"\" width=\"44\" height=\"29\">&nbsp;Cyprus<\/span><\/h3>\n\n\n\n<ul class=\"wp-block-list\">\n<li><a href=\"https:\/\/www.unilion.eu\/?page_id=839\">European Office of Cyprus<\/a><\/li>\n<\/ul>\n\n\n\n<hr class=\"wp-block-separator has-alpha-channel-opacity\"\/>\n<\/div>\n\n\n\n<div class=\"wp-block-group is-vertical is-layout-flex wp-container-core-group-is-layout-8cf370e7 wp-block-group-is-layout-flex\">\n<h3 class=\"wp-block-heading\"><span style=\"color: #2c3e50;\"><img loading=\"lazy\" decoding=\"async\" class=\"alignnone size-full wp-image-1935\" src=\"https:\/\/www.unilion.eu\/wp-content\/uploads\/2020\/03\/44px-Flag_of_Denmark.png\" alt=\"\" width=\"44\" height=\"33\">&nbsp;Denmark<\/span><\/h3>\n\n\n\n<ul class=\"wp-block-list\">\n<li><a href=\"https:\/\/www.unilion.eu\/?page_id=775\">Aalborg University<\/a><\/li>\n\n\n\n<li><a href=\"https:\/\/www.unilion.eu\/?page_id=772\">Central Denmark EU Office<\/a><\/li>\n\n\n\n<li><a href=\"https:\/\/www.unilion.eu\/?page_id=811\">Greater Copenhagen EU Office<\/a><\/li>\n\n\n\n<li><a href=\"https:\/\/www.unilion.eu\/?page_id=2807\">Technical University of Denmark<\/a><\/li>\n<\/ul>\n\n\n\n<hr class=\"wp-block-separator has-alpha-channel-opacity\"\/>\n<\/div>\n\n\n\n<div class=\"wp-block-group is-vertical is-layout-flex wp-container-core-group-is-layout-8cf370e7 wp-block-group-is-layout-flex\">\n<h3 class=\"wp-block-heading\"><span style=\"color: #2c3e50;\"><img loading=\"lazy\" decoding=\"async\" class=\"alignnone size-full wp-image-1936\" src=\"https:\/\/www.unilion.eu\/wp-content\/uploads\/2020\/03\/44px-Flag_of_Finland.png\" alt=\"\" width=\"44\" height=\"27\">&nbsp;Finland<\/span><\/h3>\n\n\n\n<ul class=\"wp-block-list\">\n<li><a href=\"https:\/\/www.unilion.eu\/?page_id=3863\" data-type=\"page\" data-id=\"3863\">Aalto University<\/a><\/li>\n\n\n\n<li><a href=\"https:\/\/www.unilion.eu\/?page_id=1712\">Helsinki EU Office<\/a><\/li>\n\n\n\n<li><a href=\"https:\/\/www.unilion.eu\/?page_id=1361\">LUT University<\/a><\/li>\n\n\n\n<li><a href=\"https:\/\/www.unilion.eu\/?page_id=821\">University of Eastern Finland<\/a><\/li>\n\n\n\n<li><a href=\"https:\/\/www.unilion.eu\/?page_id=2081\" data-type=\"page\" data-id=\"2081\">University of Helsinki<\/a><\/li>\n\n\n\n<li><a href=\"https:\/\/www.unilion.eu\/?page_id=4021\" data-type=\"page\" data-id=\"4021\">University of Oulu<\/a><\/li>\n\n\n\n<li><a href=\"https:\/\/www.unilion.eu\/?page_id=3114\">Universities of Turku<\/a><\/li>\n\n\n\n<li>Universitie of Vaasa<\/li>\n<\/ul>\n\n\n\n<hr class=\"wp-block-separator has-alpha-channel-opacity\"\/>\n<\/div>\n\n\n\n<div class=\"wp-block-group is-vertical is-layout-flex wp-container-core-group-is-layout-8cf370e7 wp-block-group-is-layout-flex\">\n<h3 class=\"wp-block-heading\"><span style=\"color: #2c3e50;\"><img loading=\"lazy\" decoding=\"async\" class=\"alignnone size-full wp-image-1937\" src=\"https:\/\/www.unilion.eu\/wp-content\/uploads\/2020\/03\/44px-Flag_of_France.png\" alt=\"\" width=\"44\" height=\"29\">&nbsp;France<\/span><\/h3>\n\n\n\n<ul class=\"wp-block-list\">\n<li><a href=\"https:\/\/www.unilion.eu\/?page_id=1291\">Aix-Marseille University<\/a><\/li>\n\n\n\n<li><a href=\"https:\/\/www.unilion.eu\/?page_id=3797\" data-type=\"page\" data-id=\"3797\">Institut Mines-T\u00e9l\u00e9com<\/a><\/li>\n\n\n\n<li><a href=\"https:\/\/www.unilion.eu\/?page_id=1742\" data-type=\"page\" data-id=\"1742\">Institut Polytechnique de Paris (IP Paris)&nbsp;<\/a><\/li>\n\n\n\n<li><a href=\"https:\/\/www.unilion.eu\/?page_id=2660\">Universit\u00e9 de Lorraine<\/a><\/li>\n\n\n\n<li><a href=\"https:\/\/www.unilion.eu\/?page_id=3979\" data-type=\"page\" data-id=\"3979\">Universit\u00e9 Nice C\u00f4te d\u2019Azur<\/a><\/li>\n<\/ul>\n\n\n\n<hr class=\"wp-block-separator has-alpha-channel-opacity\"\/>\n<\/div>\n\n\n\n<div class=\"wp-block-group is-vertical is-layout-flex wp-container-core-group-is-layout-8cf370e7 wp-block-group-is-layout-flex\">\n<h3 class=\"wp-block-heading\"><span style=\"color: #2c3e50;\"><img loading=\"lazy\" decoding=\"async\" class=\"alignnone size-full wp-image-1938\" src=\"https:\/\/www.unilion.eu\/wp-content\/uploads\/2020\/03\/44px-Flag_of_Germany.png\" alt=\"\" width=\"44\" height=\"26\">&nbsp;Germany<\/span><\/h3>\n\n\n\n<ul class=\"wp-block-list\">\n<li><a href=\"https:\/\/www.unilion.eu\/?page_id=196\">Bavarian Research Alliance (BayFOR)<\/a><\/li>\n\n\n\n<li><a href=\"https:\/\/www.unilion.eu\/?page_id=1199\">Technical University of Munich<\/a><\/li>\n\n\n\n<li><a href=\"https:\/\/www.unilion.eu\/?page_id=770\">University of M\u00fcnster<\/a><\/li>\n<\/ul>\n\n\n\n<hr class=\"wp-block-separator has-alpha-channel-opacity\"\/>\n<\/div>\n\n\n\n<div class=\"wp-block-group is-vertical is-layout-flex wp-container-core-group-is-layout-8cf370e7 wp-block-group-is-layout-flex\">\n<h3 class=\"wp-block-heading\"><span style=\"color: #2c3e50;\"><img loading=\"lazy\" decoding=\"async\" class=\"alignnone size-full wp-image-1939\" src=\"https:\/\/www.unilion.eu\/wp-content\/uploads\/2020\/03\/44px-Flag_of_Hungary.png\" alt=\"\" width=\"44\" height=\"22\">&nbsp;Hungary<\/span><\/h3>\n\n\n\n<ul class=\"wp-block-list\">\n<li><a href=\"https:\/\/www.unilion.eu\/?page_id=1614\">E\u00f6tv\u00f6s Lor\u00e1nd University &#8211; Corvinus University of Budapest<\/a><\/li>\n<\/ul>\n\n\n\n<hr class=\"wp-block-separator has-alpha-channel-opacity\"\/>\n<\/div>\n\n\n\n<div class=\"wp-block-group is-vertical is-layout-flex wp-container-core-group-is-layout-8cf370e7 wp-block-group-is-layout-flex\">\n<h3 class=\"wp-block-heading\"><span style=\"color: #2c3e50;\"><img loading=\"lazy\" decoding=\"async\" class=\"alignnone size-full wp-image-1940\" src=\"https:\/\/www.unilion.eu\/wp-content\/uploads\/2020\/03\/44px-Flag_of_Italy.png\" alt=\"\" width=\"44\" height=\"29\">&nbsp;Italy<\/span><\/h3>\n\n\n\n<ul class=\"wp-block-list\">\n<li><a href=\"https:\/\/www.unilion.eu\/?page_id=1905\">Free University of Bozen-Bolzano<\/a><\/li>\n\n\n\n<li>Politecnico do Milano<\/li>\n\n\n\n<li><a href=\"https:\/\/www.unilion.eu\/?page_id=2532\">Politecnico di Torino<\/a><\/li>\n\n\n\n<li><a href=\"https:\/\/www.unilion.eu\/?page_id=1759\">Tour4EU<\/a><\/li>\n\n\n\n<li><a href=\"https:\/\/www.unilion.eu\/?page_id=923\">Universit\u00e0 Cattolica del Sacro Cuore<\/a><\/li>\n\n\n\n<li><a href=\"https:\/\/www.unilion.eu\/?page_id=1723\">University Suor Orsola Benincasa<\/a><\/li>\n\n\n\n<li><a href=\"https:\/\/www.unilion.eu\/?page_id=2845\">Universit\u00e0 Politecnica delle Marche<\/a><\/li>\n<\/ul>\n\n\n\n<hr class=\"wp-block-separator has-alpha-channel-opacity\"\/>\n<\/div>\n\n\n\n<div class=\"wp-block-group is-vertical is-layout-flex wp-container-core-group-is-layout-8cf370e7 wp-block-group-is-layout-flex\">\n<h3 class=\"wp-block-heading\"><span style=\"color: #2c3e50;\"> <img loading=\"lazy\" decoding=\"async\" width=\"44\" height=\"29\" class=\"alignnone size-full wp-image-1941\" src=\"https:\/\/www.unilion.eu\/wp-content\/uploads\/2020\/03\/44px-Flag_of_Japan.png\" alt=\"\">&nbsp;Japan<\/span><\/h3>\n\n\n\n<p><a href=\"https:\/\/www.unilion.eu\/?page_id=790\">Waseda University<\/a><\/p>\n\n\n\n<hr class=\"wp-block-separator has-alpha-channel-opacity\"\/>\n<\/div>\n\n\n\n<div class=\"wp-block-group is-vertical is-layout-flex wp-container-core-group-is-layout-8cf370e7 wp-block-group-is-layout-flex\">\n<h3 class=\"wp-block-heading\"><span style=\"color: #2c3e50;\"><img loading=\"lazy\" decoding=\"async\" class=\"alignnone size-full wp-image-1948\" src=\"https:\/\/www.unilion.eu\/wp-content\/uploads\/2020\/03\/44px-Flag_of_the_Netherlands.png\" alt=\"\" width=\"44\" height=\"29\">&nbsp;Netherlands<\/span><\/h3>\n\n\n\n<ul class=\"wp-block-list\">\n<li><a href=\"https:\/\/www.unilion.eu\/?page_id=3712\" data-type=\"page\" data-id=\"3712\">Eindhoven University of Technology<\/a><\/li>\n\n\n\n<li><a href=\"https:\/\/www.unilion.eu\/?page_id=1022\">Maastricht University<\/a><\/li>\n\n\n\n<li><a href=\"https:\/\/www.unilion.eu\/?page_id=3846\" data-type=\"page\" data-id=\"3846\">TU Delft<\/a><\/li>\n\n\n\n<li><a href=\"https:\/\/www.unilion.eu\/?page_id=1519\">Vrije Universiteit Amsterdam<\/a><\/li>\n\n\n\n<li><a href=\"https:\/\/www.unilion.eu\/?page_id=1518\">Universities of Applied Sciences Netherlands<\/a><\/li>\n\n\n\n<li><a href=\"https:\/\/www.unilion.eu\/?page_id=3659\" data-type=\"page\" data-id=\"3659\">University of Twente<\/a><\/li>\n<\/ul>\n\n\n\n<hr class=\"wp-block-separator has-alpha-channel-opacity\"\/>\n<\/div>\n\n\n\n<div class=\"wp-block-group is-vertical is-layout-flex wp-container-core-group-is-layout-8cf370e7 wp-block-group-is-layout-flex\">\n<h3 class=\"wp-block-heading\"><span style=\"color: #2c3e50;\"><img loading=\"lazy\" decoding=\"async\" class=\"alignnone size-full wp-image-1942\" src=\"https:\/\/www.unilion.eu\/wp-content\/uploads\/2020\/03\/44px-Flag_of_Norway.png\" alt=\"\" width=\"44\" height=\"32\">&nbsp;Norway<\/span><\/h3>\n\n\n\n<ul class=\"wp-block-list\">\n<li><a href=\"https:\/\/www.unilion.eu\/?page_id=913\">Norwegian University of Science and Technology (NTNU)<\/a><\/li>\n\n\n\n<li><a href=\"https:\/\/www.unilion.eu\/?page_id=836\">University of Bergen<\/a><\/li>\n\n\n\n<li><a href=\"https:\/\/www.unilion.eu\/?page_id=3929\" data-type=\"page\" data-id=\"3929\">University of Troms\u00f8 \u2013 The Arctic University of Norway<\/a><\/li>\n<\/ul>\n\n\n\n<hr class=\"wp-block-separator has-alpha-channel-opacity\"\/>\n<\/div>\n\n\n\n<div class=\"wp-block-group is-vertical is-layout-flex wp-container-core-group-is-layout-8cf370e7 wp-block-group-is-layout-flex\">\n<h3 class=\"wp-block-heading\"><span style=\"color: #2c3e50;\"><img loading=\"lazy\" decoding=\"async\" class=\"alignnone size-full wp-image-1943\" src=\"https:\/\/www.unilion.eu\/wp-content\/uploads\/2020\/03\/44px-Flag_of_Poland.png\" alt=\"\" width=\"44\" height=\"28\">&nbsp;Poland<\/span><\/h3>\n\n\n\n<ul class=\"wp-block-list\">\n<li><a href=\"https:\/\/www.unilion.eu\/?page_id=897\">Pomorskie Regional EU Office<\/a><\/li>\n<\/ul>\n\n\n\n<hr class=\"wp-block-separator has-alpha-channel-opacity\"\/>\n<\/div>\n\n\n\n<div class=\"wp-block-group is-vertical is-layout-flex wp-container-core-group-is-layout-8cf370e7 wp-block-group-is-layout-flex\">\n<h3 class=\"wp-block-heading\"><img loading=\"lazy\" decoding=\"async\" class=\"alignnone wp-image-2984\" src=\"https:\/\/www.unilion.eu\/wp-content\/uploads\/2023\/05\/flag-romania-300x225.jpg\" alt=\"\" width=\"44\" height=\"33\" srcset=\"https:\/\/www.unilion.eu\/wp-content\/uploads\/2023\/05\/flag-romania-300x225.jpg 300w, https:\/\/www.unilion.eu\/wp-content\/uploads\/2023\/05\/flag-romania-360x270.jpg 360w, https:\/\/www.unilion.eu\/wp-content\/uploads\/2023\/05\/flag-romania.jpg 387w\" sizes=\"auto, (max-width: 44px) 100vw, 44px\" \/> Romania<\/h3>\n\n\n\n<ul class=\"wp-block-list\">\n<li><a href=\"https:\/\/www.unilion.eu\/?page_id=3667\" data-type=\"page\" data-id=\"3667\">University of Medicine and Pharmacy Carol Davila<\/a><\/li>\n<\/ul>\n\n\n\n<hr class=\"wp-block-separator has-alpha-channel-opacity\"\/>\n<\/div>\n\n\n\n<div class=\"wp-block-group is-vertical is-layout-flex wp-container-core-group-is-layout-8cf370e7 wp-block-group-is-layout-flex\">\n<h3 class=\"wp-block-heading is-style-default\"><span style=\"color: #2c3e50;\">&nbsp;<\/span><img loading=\"lazy\" decoding=\"async\" width=\"52\" height=\"35\" class=\"wp-image-3214\" style=\"width: 52px;\" src=\"https:\/\/www.unilion.eu\/wp-content\/uploads\/2024\/02\/Flag_of_Slovakia.svg_.png\" alt=\"\" srcset=\"https:\/\/www.unilion.eu\/wp-content\/uploads\/2024\/02\/Flag_of_Slovakia.svg_.png 383w, https:\/\/www.unilion.eu\/wp-content\/uploads\/2024\/02\/Flag_of_Slovakia.svg_-300x200.png 300w, https:\/\/www.unilion.eu\/wp-content\/uploads\/2024\/02\/Flag_of_Slovakia.svg_-272x182.png 272w\" sizes=\"auto, (max-width: 52px) 100vw, 52px\" \/> <span style=\"color: #2c3e50;\">Slovakia<\/span><\/h3>\n\n\n\n<ul class=\"wp-block-list\">\n<li><a href=\"https:\/\/www.unilion.eu\/?page_id=3265\" data-type=\"page\" data-id=\"3265\">Slovak University of Technology in Bratislava (STU) <\/a><\/li>\n<\/ul>\n\n\n\n<hr class=\"wp-block-separator has-alpha-channel-opacity\"\/>\n<\/div>\n\n\n\n<div class=\"wp-block-group is-vertical is-layout-flex wp-container-core-group-is-layout-8cf370e7 wp-block-group-is-layout-flex\">\n<h3 class=\"wp-block-heading\"><span style=\"color: #2c3e50;\"><img loading=\"lazy\" decoding=\"async\" class=\"alignnone size-full wp-image-1945\" src=\"https:\/\/www.unilion.eu\/wp-content\/uploads\/2020\/03\/44px-Flag_of_Slovenia.png\" alt=\"\" width=\"44\" height=\"22\">&nbsp;Slovenia<\/span><\/h3>\n\n\n\n<ul class=\"wp-block-list\">\n<li><a href=\"https:\/\/www.unilion.eu\/?page_id=1314\">Slovenian Business and Research Association<\/a><\/li>\n<\/ul>\n\n\n\n<hr class=\"wp-block-separator has-alpha-channel-opacity\"\/>\n<\/div>\n\n\n\n<div class=\"wp-block-group wp-container-content-69bc4bdf is-vertical is-layout-flex wp-container-core-group-is-layout-8cf370e7 wp-block-group-is-layout-flex\">\n<h3 class=\"wp-block-heading\"><img loading=\"lazy\" decoding=\"async\" src=\"https:\/\/www.unilion.eu\/wp-content\/uploads\/2025\/06\/download.png\" alt=\"\" width=\"48\" height=\"32\">&nbsp;South Africa<\/h3>\n\n\n\n<ul class=\"wp-block-list\">\n<li><a href=\"https:\/\/www.unilion.eu\/?page_id=3970\" data-type=\"page\" data-id=\"3970\">Stellenbosch University<\/a><\/li>\n<\/ul>\n\n\n\n<hr class=\"wp-block-separator has-alpha-channel-opacity\"\/>\n<\/div>\n\n\n\n<div class=\"wp-block-group is-vertical is-layout-flex wp-container-core-group-is-layout-8cf370e7 wp-block-group-is-layout-flex\">\n<h3 class=\"wp-block-heading\"><span style=\"color: #2c3e50;\"><img loading=\"lazy\" decoding=\"async\" class=\"alignnone size-full wp-image-1946\" src=\"https:\/\/www.unilion.eu\/wp-content\/uploads\/2020\/03\/44px-Flag_of_Spain.png\" alt=\"\" width=\"44\" height=\"29\">&nbsp;Spain<\/span><\/h3>\n\n\n\n<ul class=\"wp-block-list\">\n<li><a href=\"https:\/\/www.unilion.eu\/?page_id=765\">Alliance 4-Universities<\/a><\/li>\n\n\n\n<li><a href=\"https:\/\/www.unilion.eu\/?page_id=756\">Galician Enterprise-University Foundation (FEUGA)<\/a><\/li>\n\n\n\n<li><a href=\"https:\/\/www.unilion.eu\/?page_id=1980\">University of Extremadura<\/a><\/li>\n\n\n\n<li><a href=\"https:\/\/www.unilion.eu\/?page_id=101\">University Rey Juan Carlos &#8211; University of Alcal\u00e1<\/a><\/li>\n<\/ul>\n\n\n\n<hr class=\"wp-block-separator has-alpha-channel-opacity\"\/>\n<\/div>\n\n\n\n<div class=\"wp-block-group is-vertical is-layout-flex wp-container-core-group-is-layout-8cf370e7 wp-block-group-is-layout-flex\">\n<h3 class=\"wp-block-heading\"><span style=\"color: #2c3e50;\"><img loading=\"lazy\" decoding=\"async\" class=\"alignnone size-full wp-image-1947\" src=\"https:\/\/www.unilion.eu\/wp-content\/uploads\/2020\/03\/44px-Flag_of_Sweden.png\" alt=\"\" width=\"44\" height=\"28\">&nbsp;Sweden<\/span><\/h3>\n\n\n\n<ul class=\"wp-block-list\">\n<li><a href=\"https:\/\/www.unilion.eu\/?page_id=986\">L\u00e4ros\u00e4ten Syd (Universities in South Sweden)<\/a><\/li>\n\n\n\n<li><a href=\"https:\/\/www.unilion.eu\/?page_id=2245\">North Sweden European Office<\/a><\/li>\n\n\n\n<li><a href=\"https:\/\/www.unilion.eu\/?page_id=4181\" data-type=\"page\" data-id=\"4181\">Link\u00f6ping University<\/a><\/li>\n\n\n\n<li><a href=\"https:\/\/www.unilion.eu\/?page_id=3782\" data-type=\"page\" data-id=\"3782\">Lule\u00e5 University of Technology<\/a><\/li>\n\n\n\n<li><a href=\"https:\/\/www.unilion.eu\/?page_id=2174\">University Alliance Stockholm Trio<\/a><\/li>\n<\/ul>\n\n\n\n<hr class=\"wp-block-separator has-alpha-channel-opacity\"\/>\n<\/div>\n\n\n\n<div class=\"wp-block-group is-vertical is-layout-flex wp-container-core-group-is-layout-8cf370e7 wp-block-group-is-layout-flex\">\n<h3 class=\"wp-block-heading\"><img loading=\"lazy\" decoding=\"async\" class=\"alignnone wp-image-2982\" src=\"https:\/\/www.unilion.eu\/wp-content\/uploads\/2023\/05\/flag-swiss-300x195.jpg\" alt=\"\" width=\"44\" height=\"29\" srcset=\"https:\/\/www.unilion.eu\/wp-content\/uploads\/2023\/05\/flag-swiss-300x195.jpg 300w, https:\/\/www.unilion.eu\/wp-content\/uploads\/2023\/05\/flag-swiss-415x270.jpg 415w, https:\/\/www.unilion.eu\/wp-content\/uploads\/2023\/05\/flag-swiss-272x182.jpg 272w, https:\/\/www.unilion.eu\/wp-content\/uploads\/2023\/05\/flag-swiss.jpg 550w\" sizes=\"auto, (max-width: 44px) 100vw, 44px\" \/> Switzerland<\/h3>\n\n\n\n<ul class=\"wp-block-list\">\n<li><a href=\"https:\/\/www.unilion.eu\/?page_id=3024\">EPFL<\/a><\/li>\n<\/ul>\n\n\n\n<hr class=\"wp-block-separator has-alpha-channel-opacity\"\/>\n<\/div>\n\n\n\n<div class=\"wp-block-group is-vertical is-layout-flex wp-container-core-group-is-layout-8cf370e7 wp-block-group-is-layout-flex\">\n<h3 class=\"wp-block-heading\"><span style=\"color: #2c3e50;\"><img loading=\"lazy\" decoding=\"async\" class=\"alignnone size-full wp-image-1949\" src=\"https:\/\/www.unilion.eu\/wp-content\/uploads\/2020\/03\/44px-Flag_of_the_United_Kingdom.png\" alt=\"\" width=\"44\" height=\"22\">&nbsp;United Kingdom<\/span><\/h3>\n\n\n\n<ul class=\"wp-block-list\">\n<li><a href=\"https:\/\/www.unilion.eu\/?page_id=885\" data-type=\"page\" data-id=\"885\">University of Bristol Europe Office<\/a><\/li>\n\n\n\n<li><a href=\"https:\/\/www.unilion.eu\/?page_id=3159\" data-type=\"page\" data-id=\"3159\">University of Leeds Europe Office<\/a><\/li>\n\n\n\n<li><a href=\"https:\/\/www.unilion.eu\/?page_id=893\">Coventry University<\/a><\/li>\n\n\n\n<li><a href=\"https:\/\/www.unilion.eu\/?page_id=1337\">Welsh Higher Education Brussels<\/a><\/li>\n\n\n\n<li><a href=\"https:\/\/www.unilion.eu\/?page_id=803\" data-type=\"page\" data-id=\"803\">Greater Birmingham and West Midlands Brussels Office <\/a><\/li>\n<\/ul>\n\n\n\n<hr class=\"wp-block-separator has-alpha-channel-opacity\"\/>\n<\/div>\n<\/div>\n\n\n\n<p>See the full list of all individual universities that are part of our member offices.<\/p>\n\n\n\n<div class=\"wp-block-buttons is-layout-flex wp-block-buttons-is-layout-flex\">\n<div class=\"wp-block-button is-style-arrow\"><a class=\"wp-block-button__link has-background has-small-font-size has-custom-font-size wp-element-button\" href=\"https:\/\/www.unilion.eu\/?page_id=427\" style=\"border-radius:18px;background:linear-gradient(135deg,rgb(227,127,7) 1%,rgb(155,81,224) 96%);padding-top:var(--wp--preset--spacing--40);padding-bottom:var(--wp--preset--spacing--40)\">See the list<\/a><\/div>\n<\/div>\n\n\n\n<p><\/p>\n","protected":false},"excerpt":{"rendered":"<p>Our membership consists of 61 Brussels-based liaison offices representing 171 universities. You can also see a list of all individual universities that are part of our member offices. &nbsp;Belgium &nbsp;Cyprus<span class=\"more-dots\">&#8230;<\/span><\/p>\n","protected":false},"author":12,"featured_media":0,"parent":0,"menu_order":0,"comment_status":"closed","ping_status":"closed","template":"page-templates\/no-sidebar-1140.php","meta":{"_acf_changed":false,"footnotes":""},"class_list":["post-622","page","type-page","status-publish","hentry","no-post-thumbnail"],"acf":[],"_links":{"self":[{"href":"https:\/\/www.unilion.eu\/index.php?rest_route=\/wp\/v2\/pages\/622","targetHints":{"allow":["GET"]}}],"collection":[{"href":"https:\/\/www.unilion.eu\/index.php?rest_route=\/wp\/v2\/pages"}],"about":[{"href":"https:\/\/www.unilion.eu\/index.php?rest_route=\/wp\/v2\/types\/page"}],"author":[{"embeddable":true,"href":"https:\/\/www.unilion.eu\/index.php?rest_route=\/wp\/v2\/users\/12"}],"replies":[{"embeddable":true,"href":"https:\/\/www.unilion.eu\/index.php?rest_route=%2Fwp%2Fv2%2Fcomments&post=622"}],"version-history":[{"count":136,"href":"https:\/\/www.unilion.eu\/index.php?rest_route=\/wp\/v2\/pages\/622\/revisions"}],"predecessor-version":[{"id":4384,"href":"https:\/\/www.unilion.eu\/index.php?rest_route=\/wp\/v2\/pages\/622\/revisions\/4384"}],"wp:attachment":[{"href":"https:\/\/www.unilion.eu\/index.php?rest_route=%2Fwp%2Fv2%2Fmedia&parent=622"}],"curies":[{"name":"wp","href":"https:\/\/api.w.org\/{rel}","templated":true}]}}