{"id":986,"date":"2018-10-08T10:45:42","date_gmt":"2018-10-08T10:45:42","guid":{"rendered":"https:\/\/www.unilion.eu\/?page_id=986"},"modified":"2026-02-26T10:14:21","modified_gmt":"2026-02-26T09:14:21","slug":"larosaten-syd-universities-in-south-sweden","status":"publish","type":"page","link":"https:\/\/www.unilion.eu\/?page_id=986","title":{"rendered":"L\u00e4ros\u00e4ten Syd (Universities in South Sweden)"},"content":{"rendered":"<p><img loading=\"lazy\" decoding=\"async\" class=\"aligncenter size-full wp-image-2440\" src=\"https:\/\/www.unilion.eu\/wp-content\/uploads\/2021\/08\/byggnad_larosaten1.jpg\" alt=\"\" width=\"1024\" height=\"392\" srcset=\"https:\/\/www.unilion.eu\/wp-content\/uploads\/2021\/08\/byggnad_larosaten1.jpg 1024w, https:\/\/www.unilion.eu\/wp-content\/uploads\/2021\/08\/byggnad_larosaten1-300x115.jpg 300w, https:\/\/www.unilion.eu\/wp-content\/uploads\/2021\/08\/byggnad_larosaten1-768x294.jpg 768w, https:\/\/www.unilion.eu\/wp-content\/uploads\/2021\/08\/byggnad_larosaten1-604x231.jpg 604w\" sizes=\"auto, (max-width: 1024px) 100vw, 1024px\" \/><\/p>\n<p><span style=\"color: #000000;\"><strong>Blekinge Institute of Technology<\/strong>, <strong>Halmstad University<\/strong>, <strong>Kristianstad University<\/strong>, <strong>Linn\u00e6us University<\/strong>,\u00a0<strong>Lund University<\/strong>, <strong>Malm\u00f6 University<\/strong>, and the <strong>Swedish University of Agricultural Sciences<\/strong>\u00a0have a long-standing collaboration on several areas of education, PhD program<\/span>mes, research, administrative functions and external engagement. Our seven universities have joined forces to form a network of <strong>Universities in South Sweden<\/strong>. The purpose is to achieve higher quality, better utilisation of resources and improved contacts with industry and society, benefiting students and universities as well as society at large.\u00a0In this capacity, Universities in South Sweden makes a difference and contributes to even better and stronger regions in southern Sweden.<\/p>\n<p>Together the universities in L\u00e4ros\u00e4ten Syd have around 71 000 full time students, 15\u00a0000 employees and around SEK 18 billion in revenue (figures from 2019). This corresponds to around 25 % of the Swedish higher education sector in these areas.\u00a0The universities\u2019 students and employees are from all over the world.<\/p>\n<p><span data-olk-copy-source=\"MessageBody\">Six of our universities are part of the European Universities Initiative:<\/span><\/p>\n<ul type=\"disc\">\n<li>Lund University in\u00a0<a title=\"https:\/\/www.eugloh.eu\/\" href=\"https:\/\/www.eugloh.eu\/\" target=\"_blank\" rel=\"noopener noreferrer\" data-auth=\"NotApplicable\" data-linkindex=\"2\">EUGLOH<\/a><\/li>\n<li>Linn\u00e6us University in\u00a0<a title=\"https:\/\/www.euniwell.eu\/\" href=\"https:\/\/www.euniwell.eu\/\" target=\"_blank\" rel=\"noopener noreferrer\" data-auth=\"NotApplicable\" data-linkindex=\"3\">EUniWell<\/a><\/li>\n<li>Malm\u00f6 University in\u00a0<a title=\"https:\/\/www.unic.eu\/en\" href=\"https:\/\/www.unic.eu\/en\" target=\"_blank\" rel=\"noopener noreferrer\" data-auth=\"NotApplicable\" data-linkindex=\"4\">UNIC<\/a><\/li>\n<li>Kristianstad University in\u00a0<a title=\"https:\/\/colours-alliance.eu\/\" href=\"https:\/\/colours-alliance.eu\/\" target=\"_blank\" rel=\"noopener noreferrer\" data-auth=\"NotApplicable\" data-linkindex=\"5\">COLOURS<\/a><\/li>\n<li>Blekinge Institute of Technology in\u00a0<a title=\"https:\/\/www.bauhaus4.eu\/\" href=\"https:\/\/www.bauhaus4.eu\/\" target=\"_blank\" rel=\"noopener noreferrer\" data-auth=\"NotApplicable\" data-linkindex=\"6\">BAUHAUS4EU<\/a><\/li>\n<li>Halmstad University in\u00a0<a title=\"https:\/\/heroesuniversity.eu\/\" href=\"https:\/\/heroesuniversity.eu\/\" target=\"_blank\" rel=\"noopener noreferrer\" data-auth=\"NotApplicable\" data-linkindex=\"7\">HEROES<\/a><\/li>\n<\/ul>\n<h3>Our universities<\/h3>\n<h4><span style=\"color: #000000;\"><img loading=\"lazy\" decoding=\"async\" class=\"alignright wp-image-2293\" src=\"https:\/\/www.unilion.eu\/wp-content\/uploads\/2021\/02\/logo_LU_eng-238x300.png\" alt=\"\" width=\"79\" height=\"100\" srcset=\"https:\/\/www.unilion.eu\/wp-content\/uploads\/2021\/02\/logo_LU_eng-238x300.png 238w, https:\/\/www.unilion.eu\/wp-content\/uploads\/2021\/02\/logo_LU_eng-214x270.png 214w, https:\/\/www.unilion.eu\/wp-content\/uploads\/2021\/02\/logo_LU_eng.png 704w\" sizes=\"auto, (max-width: 79px) 100vw, 79px\" \/>Lund University<\/span><\/h4>\n<div class=\"block block-lu-layout-builder block-field-blocknodelu-pagefield-lu-lead\">\n<p class=\"field__lead \">Lund University was founded in 1666 and is ranked among the world\u2019s top 100 universities. The University is based in Lund, Helsingborg and Malm\u00f6. We are united in our efforts to understand, explain and improve our world and the human condition.<\/p>\n<\/div>\n<div class=\"block block-lu-layout-builder block-field-blocknodelu-pagebody\">\n<div class=\"text-formatted field__body field field--name-body field--type-text-with-summary field--label-hidden field__item\">\n<p>Lund is the most popular study location in Sweden. The University offers one of the broadest ranges of programmes and courses in Scandinavia, based on cross-disciplinary and cutting-edge research. The University has a distinct international profile, with partner universities in 70 countries.<\/p>\n<p>Lund University has an annual turnover of SEK 8.8\u00a0billion, of which close to 60% goes to research. Our research is characterised by both breadth and strength.<\/p>\n<\/div>\n<\/div>\n<h4><span style=\"color: #000000;\"><img loading=\"lazy\" decoding=\"async\" class=\"alignright wp-image-2311\" src=\"https:\/\/www.unilion.eu\/wp-content\/uploads\/2021\/02\/logo_LNU_eng_kvadrat-300x248.png\" alt=\"\" width=\"121\" height=\"100\" srcset=\"https:\/\/www.unilion.eu\/wp-content\/uploads\/2021\/02\/logo_LNU_eng_kvadrat-300x248.png 300w, https:\/\/www.unilion.eu\/wp-content\/uploads\/2021\/02\/logo_LNU_eng_kvadrat-1024x846.png 1024w, https:\/\/www.unilion.eu\/wp-content\/uploads\/2021\/02\/logo_LNU_eng_kvadrat-768x635.png 768w, https:\/\/www.unilion.eu\/wp-content\/uploads\/2021\/02\/logo_LNU_eng_kvadrat-1536x1269.png 1536w, https:\/\/www.unilion.eu\/wp-content\/uploads\/2021\/02\/logo_LNU_eng_kvadrat-327x270.png 327w, https:\/\/www.unilion.eu\/wp-content\/uploads\/2021\/02\/logo_LNU_eng_kvadrat.png 1688w\" sizes=\"auto, (max-width: 121px) 100vw, 121px\" \/><br \/>Linn\u00e6us University<\/span><\/h4>\n<p><span style=\"font-size: inherit;\">Linnaeus University is a university in the Sm\u00e5land region of Sweden, with two locations in the cities V\u00e4xj\u00f6 and Kalmar. You can study different subjects within arts and humanities, health and life sciences, the social sciences, the natural sciences, technology, and business and economics.<\/span><\/p>\n<div class=\"article-page-main-content\">\n<div class=\"content-area-item\">\n<div class=\"text-block\">\n<p>Research at Linnaeus University is of high international quality. Particularly prominent is the research carried out within our cutting-edge research environments \u2013 our Linnaeus University Centres. Within these centres, everything from ecology and evolution to discrimination and integration, postcolonialism, intermediality, bioscience, and big data is being studied.<\/p>\n<\/div>\n<\/div>\n<\/div>\n<h4><span style=\"color: #000000;\"><img loading=\"lazy\" decoding=\"async\" class=\"alignright wp-image-2294\" src=\"https:\/\/www.unilion.eu\/wp-content\/uploads\/2021\/02\/logo_MAU_eng-255x300.png\" alt=\"\" width=\"85\" height=\"100\" srcset=\"https:\/\/www.unilion.eu\/wp-content\/uploads\/2021\/02\/logo_MAU_eng-255x300.png 255w, https:\/\/www.unilion.eu\/wp-content\/uploads\/2021\/02\/logo_MAU_eng-871x1024.png 871w, https:\/\/www.unilion.eu\/wp-content\/uploads\/2021\/02\/logo_MAU_eng-768x903.png 768w, https:\/\/www.unilion.eu\/wp-content\/uploads\/2021\/02\/logo_MAU_eng-230x270.png 230w, https:\/\/www.unilion.eu\/wp-content\/uploads\/2021\/02\/logo_MAU_eng.png 1068w\" sizes=\"auto, (max-width: 85px) 100vw, 85px\" \/>Malm\u00f6 University<\/span><\/h4>\n<p class=\"text-link__title\">Malm\u00f6 University is\u00a0characterised by global engagement, community involvement, and a multidisciplinary, challenge based approach to education, research and collaboration.\u00a0We are an urban, innovative University in the heart of Malm\u00f6 offering a wide variety of English-taught programmes at both bachelor\u2019s and master\u2019s level.<\/p>\n<p>Malm\u00f6 University has five research centres, which between them span fields in life sciences, humanities, health and technology, all with a strong emphasis on interdisciplinary research.<\/p>\n<h4><span style=\"color: #000000;\"><br \/>Swedish University of Agricultural Sciences (SLU)<img loading=\"lazy\" decoding=\"async\" class=\"size-thumbnail wp-image-2414 alignright\" src=\"https:\/\/www.unilion.eu\/wp-content\/uploads\/2021\/06\/logo_SLU_EN_farg_square-150x150.jpg\" alt=\"\" width=\"150\" height=\"150\" srcset=\"https:\/\/www.unilion.eu\/wp-content\/uploads\/2021\/06\/logo_SLU_EN_farg_square-150x150.jpg 150w, https:\/\/www.unilion.eu\/wp-content\/uploads\/2021\/06\/logo_SLU_EN_farg_square-300x300.jpg 300w, https:\/\/www.unilion.eu\/wp-content\/uploads\/2021\/06\/logo_SLU_EN_farg_square-270x270.jpg 270w, https:\/\/www.unilion.eu\/wp-content\/uploads\/2021\/06\/logo_SLU_EN_farg_square.jpg 630w\" sizes=\"auto, (max-width: 150px) 100vw, 150px\" \/><\/span><\/h4>\n<p><span style=\"font-size: inherit;\">SLU is a world-class international university with research, education and environmental assessment within the sciences for sustainable life.\u00a0<\/span><span style=\"font-size: inherit;\">Its principal sites are in Alnarp, Ume\u00e5 and Uppsala, but activities are also conducted at research stations, experimental parks and educational establishments throughout Sweden.<\/span><\/p>\n<p><span style=\"font-size: inherit;\">We bring together people who have different perspectives, but they all have one and the same goal: to create the best conditions for a sustainable, thriving and better world.<\/span><\/p>\n<h4><span style=\"color: #000000;\"><br \/>Blekinge Institute of Technology (BTH)<img loading=\"lazy\" decoding=\"async\" class=\"alignright wp-image-2411 size-thumbnail\" src=\"https:\/\/www.unilion.eu\/wp-content\/uploads\/2021\/06\/logo_BTH_EN_svart_square-150x150.png\" alt=\"\" width=\"150\" height=\"150\" \/><\/span><\/h4>\n<div class=\"Box \">\n<div class=\"Layout\">\n<div class=\"Layout-fullNarrow\">\n<p class=\"Wysiwyg\">BTH has a distinctive focus on the digitalisation of society and sustainability. As an institute of technology, we have a responsibility and an opportunity to make our contribution to both regional and national competitiveness and to global sustainability.<\/p>\n<p class=\"Wysiwyg\"><span lang=\"SV\" style=\"font-size: inherit;\">Despite its relatively small size, BTH has a great deal of research. <\/span><span lang=\"SV\" style=\"font-size: inherit;\">In some fields, software engineering and strategic sustainable development, we are world leaders.<\/span><\/p>\n<p class=\"Wysiwyg\"><span style=\"font-size: inherit;\">Both of BTH\u2019s campuses &#8211; in Karlskrona and Karlshamn &#8211; are located by the Baltic sea, which creates a special atmosphere.<\/span><\/p>\n<\/div>\n<\/div>\n<\/div>\n<div class=\"Box \">\n<div class=\"Layout\">\n<div class=\"Layout-fullNarrow\">\n<div class=\"Wysiwyg\"><span style=\"color: #000000; font-size: 1.25em; font-weight: 600;\"><img loading=\"lazy\" decoding=\"async\" class=\"alignright wp-image-2290\" src=\"https:\/\/www.unilion.eu\/wp-content\/uploads\/2021\/02\/logo_HH_eng-254x300.jpg\" alt=\"\" width=\"85\" height=\"100\" srcset=\"https:\/\/www.unilion.eu\/wp-content\/uploads\/2021\/02\/logo_HH_eng-254x300.jpg 254w, https:\/\/www.unilion.eu\/wp-content\/uploads\/2021\/02\/logo_HH_eng-228x270.jpg 228w, https:\/\/www.unilion.eu\/wp-content\/uploads\/2021\/02\/logo_HH_eng.jpg 602w\" sizes=\"auto, (max-width: 85px) 100vw, 85px\" \/>Halmstad University<\/span><\/div>\n<\/div>\n<\/div>\n<\/div>\n<div id=\"svid12_5a3f038a1683708262e1752b\" class=\"sv-text-portlet sv-use-margins sv-skip-spacer\">\n<div class=\"sv-text-portlet-content\">\n<p class=\"sv-font-ingress\">Halmstad University prepares people for the future by creating values, driving innovation and developing society. Since 1983, the University has been characterised as forward-thinking and cross-border.<\/p>\n<\/div>\n<\/div>\n<div id=\"svid12_5a3f038a1683708262e1752c\" class=\"sv-text-portlet sv-use-margins\">\n<div class=\"sv-vertical sv-layout hh-link-block sv-skip-spacer\">\n<div class=\"sv-vertical sv-layout sv-skip-spacer sv-decoration-content\">\n<div class=\"sv-text-portlet-content\">\n<p class=\"normal\">The research at Halmstad University is internationally renowned and is pursued in interdisciplinary innovation and research environments.\u00a0Halmstad University conducts education and research within two profile areas, Health Innovation and Smart Cities and Communities, with a basis in three prominent doctoral education areas: Information Technology, Innovation Sciences, and Health and Lifestyle.<\/p>\n<\/div>\n<\/div>\n<\/div>\n<\/div>\n<h4><span style=\"color: #000000;\"><br \/>Kristianstad University<img loading=\"lazy\" decoding=\"async\" class=\"wp-image-2291 size-full alignright\" src=\"https:\/\/www.unilion.eu\/wp-content\/uploads\/2021\/02\/logo_HKR_eng.png\" alt=\"\" width=\"285\" height=\"100\" \/><\/span><\/h4>\n<section class=\"content__item article__item preamble\">\n<p>Kristianstad University <span style=\"font-size: inherit;\">was founded in 1977, but we can trace our roots back to 1835 and the start of the teacher&#8217;s training.\u00a0<\/span><\/p>\n<\/section>\n<section class=\"content__item article__item\">\n<p>Our research is challenge-driven and integrated with our degree programmes.\u00a0The Business Administration programmes, the Study Programme in Oral Health, the Master programme in Psychology and the Food and Meal Sciences programme have been classified as best in Sweden by the Swedish Higher Education Authority.\u00a0We are the only Swedish university that offers work integrated education in all our undergraduate programmes.<\/p>\n<\/section>\n<h3>L\u00e4ros\u00e4ten Syd Brussels Office<\/h3>\n<p>The Brussels office works to increase the profile of the universities at EU level, to improve the monitoring and influencing of EU policy and programmes and to support the building of closer European and international partnerships. The overall goal is to support an increased participation in EU programmes, in particular the EU Framework Programme.<\/p>\n<p>The Brussels office consists of two Brussels representatives and EU Policy Officers.<\/p>\n<h3>University websites<\/h3>\n<ul>\n<li><span style=\"color: #000000;\"><strong><a style=\"color: #000000;\" href=\"http:\/\/www.bth.se\">Blekinge Institute of Technology (BTH)<\/a><\/strong><\/span><\/li>\n<li><span style=\"color: #000000;\"><strong><a style=\"color: #000000;\" href=\"http:\/\/www.hh.se\">Halmstad University<\/a><\/strong><\/span><\/li>\n<li><span style=\"color: #000000;\"><strong><a style=\"color: #000000;\" href=\"http:\/\/www.hkr.se\">Kristianstad University<\/a><\/strong><\/span><\/li>\n<li><span style=\"color: #000000;\"><strong><a style=\"color: #000000;\" href=\"https:\/\/lnu.se\/en\/\">Linn\u00e6us University<\/a><\/strong><\/span><\/li>\n<li><span style=\"color: #000000;\"><strong><a style=\"color: #000000;\" href=\"http:\/\/www.lu.se\">Lund University<\/a><\/strong><\/span><\/li>\n<li><span style=\"color: #000000;\"><strong><a style=\"color: #000000;\" href=\"http:\/\/www.mau.se\">Malm\u00f6 University<\/a><\/strong><\/span><\/li>\n<li><span style=\"color: #000000;\"><strong><a style=\"color: #000000;\" href=\"http:\/\/www.slu.se\">Swedish University of Agricultural Sciences (SLU)<\/a><\/strong><\/span><\/li>\n<\/ul>\n\n\n<p class=\"has-text-align-center\"><div id=\"metaslider-id-1890\" style=\"max-width: 700px;\" class=\"ml-slider-3-108-0 metaslider metaslider-flex metaslider-1890 ml-slider ms-theme-default nav-hidden\" role=\"region\" aria-label=\"L\u00e4ros\u00e4tenSyd\" data-height=\"500\" data-width=\"700\">\n    <div id=\"metaslider_container_1890\">\n        <div id=\"metaslider_1890\">\n            <ul class='slides'>\n                <li style=\"display: block; width: 100%;\" class=\"slide-1892 ms-image \" aria-roledescription=\"slide\" data-date=\"2020-03-13 15:32:46\" data-filename=\"BTH-scaled-700x500.jpg\" data-slide-type=\"image\"><img loading=\"lazy\" decoding=\"async\" src=\"https:\/\/www.unilion.eu\/wp-content\/uploads\/2020\/03\/BTH-scaled-700x500.jpg\" height=\"500\" width=\"700\" alt=\"Blekinge Institute of Technology\" class=\"slider-1890 slide-1892 msDefaultImage\" title=\"BTH\" \/><div class=\"caption-wrap\"><div class=\"caption\">Blekinge Institute of Technology<\/div><\/div><\/li>\n                <li style=\"display: none; width: 100%;\" class=\"slide-1894 ms-image \" aria-roledescription=\"slide\" data-date=\"2020-03-13 15:33:39\" data-filename=\"HH2-scaled-700x500.jpg\" data-slide-type=\"image\"><img loading=\"lazy\" decoding=\"async\" src=\"https:\/\/www.unilion.eu\/wp-content\/uploads\/2020\/03\/HH2-scaled-700x500.jpg\" height=\"500\" width=\"700\" alt=\"Halmstad University\" class=\"slider-1890 slide-1894 msDefaultImage\" title=\"HH\" \/><div class=\"caption-wrap\"><div class=\"caption\">Halmstad University<\/div><\/div><\/li>\n                <li style=\"display: none; width: 100%;\" class=\"slide-1896 ms-image \" aria-roledescription=\"slide\" data-date=\"2020-03-13 15:34:12\" data-filename=\"hkr-scaled-700x500.jpg\" data-slide-type=\"image\"><img loading=\"lazy\" decoding=\"async\" src=\"https:\/\/www.unilion.eu\/wp-content\/uploads\/2020\/03\/hkr-scaled-700x500.jpg\" height=\"500\" width=\"700\" alt=\"Kristianstad University\" class=\"slider-1890 slide-1896 msDefaultImage\" title=\"HKR\" \/><div class=\"caption-wrap\"><div class=\"caption\">Kristianstad University<\/div><\/div><\/li>\n                <li style=\"display: none; width: 100%;\" class=\"slide-2216 ms-image \" aria-roledescription=\"slide\" data-date=\"2020-12-16 08:50:30\" data-filename=\"byggnad_LNU-scaled-700x500.jpg\" data-slide-type=\"image\"><img loading=\"lazy\" decoding=\"async\" src=\"https:\/\/www.unilion.eu\/wp-content\/uploads\/2020\/12\/byggnad_LNU-scaled-700x500.jpg\" height=\"500\" width=\"700\" alt=\"Linn\u00e6us University\" class=\"slider-1890 slide-2216 msDefaultImage\" title=\"Linn\u00e6us University\" \/><div class=\"caption-wrap\"><div class=\"caption\">Linn\u00e6us University<\/div><\/div><\/li>\n                <li style=\"display: none; width: 100%;\" class=\"slide-1898 ms-image \" aria-roledescription=\"slide\" data-date=\"2020-03-13 15:36:46\" data-filename=\"LU3-700x500.png\" data-slide-type=\"image\"><img loading=\"lazy\" decoding=\"async\" src=\"https:\/\/www.unilion.eu\/wp-content\/uploads\/2020\/03\/LU3-700x500.png\" height=\"500\" width=\"700\" alt=\"Lund University\" class=\"slider-1890 slide-1898 msDefaultImage\" title=\"LU\" \/><div class=\"caption-wrap\"><div class=\"caption\">Lund University<\/div><\/div><\/li>\n                <li style=\"display: none; width: 100%;\" class=\"slide-1900 ms-image \" aria-roledescription=\"slide\" data-date=\"2020-03-13 15:37:47\" data-filename=\"byggnad_MAU-scaled-700x500.jpg\" data-slide-type=\"image\"><img loading=\"lazy\" decoding=\"async\" src=\"https:\/\/www.unilion.eu\/wp-content\/uploads\/2020\/12\/byggnad_MAU-scaled-700x500.jpg\" height=\"500\" width=\"700\" alt=\"Malm\u00f6 University\" class=\"slider-1890 slide-1900 msDefaultImage\" title=\"Malm\u00f6 University\" \/><div class=\"caption-wrap\"><div class=\"caption\">Malm\u00f6 University<\/div><\/div><\/li>\n                <li style=\"display: none; width: 100%;\" class=\"slide-1902 ms-image \" aria-roledescription=\"slide\" data-date=\"2020-03-13 15:38:46\" data-filename=\"SLU-scaled-700x500.jpg\" data-slide-type=\"image\"><img loading=\"lazy\" decoding=\"async\" src=\"https:\/\/www.unilion.eu\/wp-content\/uploads\/2020\/03\/SLU-scaled-700x500.jpg\" height=\"500\" width=\"700\" alt=\"Swedish University of Agricultural Sciences at Alnarp\" class=\"slider-1890 slide-1902 msDefaultImage\" title=\"SLU\" \/><div class=\"caption-wrap\"><div class=\"caption\">Swedish University of Agricultural Sciences at Alnarp<\/div><\/div><\/li>\n            <\/ul>\n        <\/div>\n        \n    <\/div>\n<\/div><\/p>\n","protected":false},"excerpt":{"rendered":"<p>Blekinge Institute of Technology, Halmstad University, Kristianstad University, Linn\u00e6us University,\u00a0Lund University, Malm\u00f6 University, and the Swedish University of Agricultural Sciences\u00a0have a long-standing collaboration on several areas of education, PhD programmes,<span class=\"more-dots\">&#8230;<\/span><\/p>\n","protected":false},"author":12,"featured_media":0,"parent":996,"menu_order":0,"comment_status":"closed","ping_status":"closed","template":"page-templates\/sidebar-right.php","meta":{"_acf_changed":false,"footnotes":""},"class_list":["post-986","page","type-page","status-publish","hentry","no-post-thumbnail"],"acf":[],"_links":{"self":[{"href":"https:\/\/www.unilion.eu\/index.php?rest_route=\/wp\/v2\/pages\/986","targetHints":{"allow":["GET"]}}],"collection":[{"href":"https:\/\/www.unilion.eu\/index.php?rest_route=\/wp\/v2\/pages"}],"about":[{"href":"https:\/\/www.unilion.eu\/index.php?rest_route=\/wp\/v2\/types\/page"}],"author":[{"embeddable":true,"href":"https:\/\/www.unilion.eu\/index.php?rest_route=\/wp\/v2\/users\/12"}],"replies":[{"embeddable":true,"href":"https:\/\/www.unilion.eu\/index.php?rest_route=%2Fwp%2Fv2%2Fcomments&post=986"}],"version-history":[{"count":33,"href":"https:\/\/www.unilion.eu\/index.php?rest_route=\/wp\/v2\/pages\/986\/revisions"}],"predecessor-version":[{"id":4327,"href":"https:\/\/www.unilion.eu\/index.php?rest_route=\/wp\/v2\/pages\/986\/revisions\/4327"}],"up":[{"embeddable":true,"href":"https:\/\/www.unilion.eu\/index.php?rest_route=\/wp\/v2\/pages\/996"}],"wp:attachment":[{"href":"https:\/\/www.unilion.eu\/index.php?rest_route=%2Fwp%2Fv2%2Fmedia&parent=986"}],"curies":[{"name":"wp","href":"https:\/\/api.w.org\/{rel}","templated":true}]}}